{"id":1070,"date":"2025-07-21T21:55:19","date_gmt":"2025-07-21T21:55:19","guid":{"rendered":"https:\/\/microprocess.com.br\/mp\/?page_id=1070"},"modified":"2025-07-21T22:43:26","modified_gmt":"2025-07-21T22:43:26","slug":"onixweb_apk","status":"publish","type":"page","link":"https:\/\/microprocess.com.br\/mp\/onixweb_apk","title":{"rendered":"OnixWeb_APK"},"content":{"rendered":"\t\t<div data-elementor-type=\"wp-post\" data-elementor-id=\"1070\" class=\"elementor elementor-1070\">\n\t\t\t\t\t\t<section class=\"elementor-section elementor-top-section elementor-element elementor-element-781caeb elementor-section-boxed elementor-section-height-default elementor-section-height-default\" data-id=\"781caeb\" data-element_type=\"section\" data-e-type=\"section\">\n\t\t\t\t\t\t<div class=\"elementor-container elementor-column-gap-default\">\n\t\t\t\t\t<div class=\"elementor-column elementor-col-100 elementor-top-column elementor-element elementor-element-caf5b2e\" data-id=\"caf5b2e\" data-element_type=\"column\" data-e-type=\"column\">\n\t\t\t<div class=\"elementor-widget-wrap elementor-element-populated\">\n\t\t\t\t\t\t<div class=\"elementor-element elementor-element-a3e2162 elementor-widget elementor-widget-heading\" data-id=\"a3e2162\" data-element_type=\"widget\" data-e-type=\"widget\" data-widget_type=\"heading.default\">\n\t\t\t\t<div class=\"elementor-widget-container\">\n\t\t\t\t\t<h2 class=\"elementor-heading-title elementor-size-default\">Microprocess  OnixWeb<\/h2>\t\t\t\t<\/div>\n\t\t\t\t<\/div>\n\t\t\t\t\t<\/div>\n\t\t<\/div>\n\t\t\t\t\t<\/div>\n\t\t<\/section>\n\t\t\t\t<section class=\"elementor-section elementor-top-section elementor-element elementor-element-a5a3197 elementor-section-content-middle elementor-section-boxed elementor-section-height-default elementor-section-height-default\" data-id=\"a5a3197\" data-element_type=\"section\" data-e-type=\"section\">\n\t\t\t\t\t\t<div class=\"elementor-container elementor-column-gap-default\">\n\t\t\t\t\t<div class=\"elementor-column elementor-col-25 elementor-top-column elementor-element elementor-element-3d25034\" data-id=\"3d25034\" data-element_type=\"column\" data-e-type=\"column\">\n\t\t\t<div class=\"elementor-widget-wrap\">\n\t\t\t\t\t\t\t<\/div>\n\t\t<\/div>\n\t\t\t\t<div class=\"elementor-column elementor-col-25 elementor-top-column elementor-element elementor-element-c2072cb\" data-id=\"c2072cb\" data-element_type=\"column\" data-e-type=\"column\">\n\t\t\t<div class=\"elementor-widget-wrap elementor-element-populated\">\n\t\t\t\t\t\t<div class=\"elementor-element elementor-element-173d8bd elementor-widget__width-initial elementor-widget elementor-widget-image\" data-id=\"173d8bd\" data-element_type=\"widget\" data-e-type=\"widget\" data-widget_type=\"image.default\">\n\t\t\t\t<div class=\"elementor-widget-container\">\n\t\t\t\t\t\t\t\t\t\t\t\t\t\t\t<img fetchpriority=\"high\" decoding=\"async\" width=\"768\" height=\"817\" src=\"https:\/\/microprocess.com.br\/mp\/wp-content\/uploads\/2025\/07\/onixweb-768x817.png\" class=\"attachment-medium_large size-medium_large wp-image-1075\" alt=\"\" srcset=\"https:\/\/microprocess.com.br\/mp\/wp-content\/uploads\/2025\/07\/onixweb-768x817.png 768w, https:\/\/microprocess.com.br\/mp\/wp-content\/uploads\/2025\/07\/onixweb-282x300.png 282w, https:\/\/microprocess.com.br\/mp\/wp-content\/uploads\/2025\/07\/onixweb.png 876w\" sizes=\"(max-width: 768px) 100vw, 768px\" \/>\t\t\t\t\t\t\t\t\t\t\t\t\t\t\t<\/div>\n\t\t\t\t<\/div>\n\t\t\t\t\t<\/div>\n\t\t<\/div>\n\t\t\t\t<div class=\"elementor-column elementor-col-25 elementor-top-column elementor-element elementor-element-8300a2a\" data-id=\"8300a2a\" data-element_type=\"column\" data-e-type=\"column\">\n\t\t\t<div class=\"elementor-widget-wrap elementor-element-populated\">\n\t\t\t\t\t\t<div class=\"elementor-element elementor-element-d732422 elementor-align-center elementor-widget elementor-widget-button\" data-id=\"d732422\" data-element_type=\"widget\" data-e-type=\"widget\" data-widget_type=\"button.default\">\n\t\t\t\t<div class=\"elementor-widget-container\">\n\t\t\t\t\t\t\t\t\t<div class=\"elementor-button-wrapper\">\n\t\t\t\t\t<a class=\"elementor-button elementor-button-link elementor-size-xl\" href=\"https:\/\/microprocess.com.br\/downloads\/onixweb.apk\" target=\"_blank\">\n\t\t\t\t\t\t<span class=\"elementor-button-content-wrapper\">\n\t\t\t\t\t\t<span class=\"elementor-button-icon\">\n\t\t\t\t\t\t\t\t\t<i class=\"fa fa-arrow-circle-down\" aria-hidden=\"true\"><\/i>\n\t\t\t\t\t\t\t<\/span>\n\t\t\t\t\t\t\t\t\t<span class=\"elementor-button-text\">Download APK<\/span>\n\t\t\t\t\t<\/span>\n\t\t\t\t\t<\/a>\n\t\t\t\t<\/div>\n\t\t\t\t\t\t\t\t<\/div>\n\t\t\t\t<\/div>\n\t\t\t\t<div class=\"elementor-element elementor-element-e806e6b elementor-widget elementor-widget-text-editor\" data-id=\"e806e6b\" data-element_type=\"widget\" data-e-type=\"widget\" data-widget_type=\"text-editor.default\">\n\t\t\t\t<div class=\"elementor-widget-container\">\n\t\t\t\t\t\t\t\t\t<h4><strong>Baixe a vers\u00e3o Android do aplicativo OnixWeb.<\/strong><br><strong>Desenvolvido pela Microprocess Sistemas e totalmente integrado ao sistema Onix, o aplicativo OnixWeb permite que os profissionais consultem suas agendas de atendimentos e realizem a evolu\u00e7\u00e3o de prontu\u00e1rios com agilidade e seguran\u00e7a, diretamente pelo celular.<\/strong><\/h4>\t\t\t\t\t\t\t\t<\/div>\n\t\t\t\t<\/div>\n\t\t\t\t\t<\/div>\n\t\t<\/div>\n\t\t\t\t<div class=\"elementor-column elementor-col-25 elementor-top-column elementor-element elementor-element-fd9fb71\" data-id=\"fd9fb71\" data-element_type=\"column\" data-e-type=\"column\">\n\t\t\t<div class=\"elementor-widget-wrap\">\n\t\t\t\t\t\t\t<\/div>\n\t\t<\/div>\n\t\t\t\t\t<\/div>\n\t\t<\/section>\n\t\t\t\t<\/div>\n\t\t","protected":false},"excerpt":{"rendered":"<p>Microprocess OnixWeb Download APK Baixe a vers\u00e3o Android do aplicativo OnixWeb.Desenvolvido pela Microprocess Sistemas e totalmente integrado ao sistema Onix, o aplicativo OnixWeb permite que os profissionais consultem suas agendas de atendimentos e realizem a evolu\u00e7\u00e3o de prontu\u00e1rios com agilidade e seguran\u00e7a, diretamente pelo celular.<\/p>\n","protected":false},"author":1,"featured_media":0,"parent":0,"menu_order":0,"comment_status":"closed","ping_status":"closed","template":"","meta":{"footnotes":""},"class_list":["post-1070","page","type-page","status-publish","hentry","entry"],"_links":{"self":[{"href":"https:\/\/microprocess.com.br\/mp\/wp-json\/wp\/v2\/pages\/1070","targetHints":{"allow":["GET"]}}],"collection":[{"href":"https:\/\/microprocess.com.br\/mp\/wp-json\/wp\/v2\/pages"}],"about":[{"href":"https:\/\/microprocess.com.br\/mp\/wp-json\/wp\/v2\/types\/page"}],"author":[{"embeddable":true,"href":"https:\/\/microprocess.com.br\/mp\/wp-json\/wp\/v2\/users\/1"}],"replies":[{"embeddable":true,"href":"https:\/\/microprocess.com.br\/mp\/wp-json\/wp\/v2\/comments?post=1070"}],"version-history":[{"count":24,"href":"https:\/\/microprocess.com.br\/mp\/wp-json\/wp\/v2\/pages\/1070\/revisions"}],"predecessor-version":[{"id":1097,"href":"https:\/\/microprocess.com.br\/mp\/wp-json\/wp\/v2\/pages\/1070\/revisions\/1097"}],"wp:attachment":[{"href":"https:\/\/microprocess.com.br\/mp\/wp-json\/wp\/v2\/media?parent=1070"}],"curies":[{"name":"wp","href":"https:\/\/api.w.org\/{rel}","templated":true}]}}