{"id":1099,"date":"2025-09-02T18:59:51","date_gmt":"2025-09-02T18:59:51","guid":{"rendered":"https:\/\/microprocess.com.br\/mp\/?page_id=1099"},"modified":"2025-09-02T19:46:41","modified_gmt":"2025-09-02T19:46:41","slug":"plexicalltv","status":"publish","type":"page","link":"https:\/\/microprocess.com.br\/mp\/plexicalltv","title":{"rendered":"PlexiCallTV"},"content":{"rendered":"\t\t<div data-elementor-type=\"wp-post\" data-elementor-id=\"1099\" class=\"elementor elementor-1099\">\n\t\t\t\t\t\t<section class=\"elementor-section elementor-top-section elementor-element elementor-element-781caeb elementor-section-boxed elementor-section-height-default elementor-section-height-default\" data-id=\"781caeb\" data-element_type=\"section\" data-e-type=\"section\">\n\t\t\t\t\t\t<div class=\"elementor-container elementor-column-gap-default\">\n\t\t\t\t\t<div class=\"elementor-column elementor-col-100 elementor-top-column elementor-element elementor-element-caf5b2e\" data-id=\"caf5b2e\" data-element_type=\"column\" data-e-type=\"column\">\n\t\t\t<div class=\"elementor-widget-wrap elementor-element-populated\">\n\t\t\t\t\t\t<div class=\"elementor-element elementor-element-a3e2162 elementor-widget elementor-widget-heading\" data-id=\"a3e2162\" data-element_type=\"widget\" data-e-type=\"widget\" data-widget_type=\"heading.default\">\n\t\t\t\t<div class=\"elementor-widget-container\">\n\t\t\t\t\t<h2 class=\"elementor-heading-title elementor-size-default\">Microprocess  PlexiCallTV<\/h2>\t\t\t\t<\/div>\n\t\t\t\t<\/div>\n\t\t\t\t\t<\/div>\n\t\t<\/div>\n\t\t\t\t\t<\/div>\n\t\t<\/section>\n\t\t\t\t<section class=\"elementor-section elementor-top-section elementor-element elementor-element-a5a3197 elementor-section-content-middle elementor-section-boxed elementor-section-height-default elementor-section-height-default\" data-id=\"a5a3197\" data-element_type=\"section\" data-e-type=\"section\">\n\t\t\t\t\t\t<div class=\"elementor-container elementor-column-gap-default\">\n\t\t\t\t\t<div class=\"elementor-column elementor-col-25 elementor-top-column elementor-element elementor-element-3d25034\" data-id=\"3d25034\" data-element_type=\"column\" data-e-type=\"column\">\n\t\t\t<div class=\"elementor-widget-wrap\">\n\t\t\t\t\t\t\t<\/div>\n\t\t<\/div>\n\t\t\t\t<div class=\"elementor-column elementor-col-25 elementor-top-column elementor-element elementor-element-c2072cb\" data-id=\"c2072cb\" data-element_type=\"column\" data-e-type=\"column\">\n\t\t\t<div class=\"elementor-widget-wrap elementor-element-populated\">\n\t\t\t\t\t\t<div class=\"elementor-element elementor-element-8c7f057 elementor-widget elementor-widget-image\" data-id=\"8c7f057\" data-element_type=\"widget\" data-e-type=\"widget\" data-widget_type=\"image.default\">\n\t\t\t\t<div class=\"elementor-widget-container\">\n\t\t\t\t\t\t\t\t\t\t\t\t\t\t\t<img fetchpriority=\"high\" decoding=\"async\" width=\"1024\" height=\"652\" src=\"https:\/\/microprocess.com.br\/mp\/wp-content\/uploads\/2025\/09\/Chamadade-TV-1024x652.jpg\" class=\"attachment-large size-large wp-image-1103\" alt=\"\" srcset=\"https:\/\/microprocess.com.br\/mp\/wp-content\/uploads\/2025\/09\/Chamadade-TV-1024x652.jpg 1024w, https:\/\/microprocess.com.br\/mp\/wp-content\/uploads\/2025\/09\/Chamadade-TV-300x191.jpg 300w, https:\/\/microprocess.com.br\/mp\/wp-content\/uploads\/2025\/09\/Chamadade-TV-768x489.jpg 768w, https:\/\/microprocess.com.br\/mp\/wp-content\/uploads\/2025\/09\/Chamadade-TV-1536x978.jpg 1536w, https:\/\/microprocess.com.br\/mp\/wp-content\/uploads\/2025\/09\/Chamadade-TV.jpg 1697w\" sizes=\"(max-width: 1024px) 100vw, 1024px\" \/>\t\t\t\t\t\t\t\t\t\t\t\t\t\t\t<\/div>\n\t\t\t\t<\/div>\n\t\t\t\t\t<\/div>\n\t\t<\/div>\n\t\t\t\t<div class=\"elementor-column elementor-col-25 elementor-top-column elementor-element elementor-element-8300a2a\" data-id=\"8300a2a\" data-element_type=\"column\" data-e-type=\"column\">\n\t\t\t<div class=\"elementor-widget-wrap elementor-element-populated\">\n\t\t\t\t\t\t<div class=\"elementor-element elementor-element-d732422 elementor-align-center elementor-widget elementor-widget-button\" data-id=\"d732422\" data-element_type=\"widget\" data-e-type=\"widget\" data-widget_type=\"button.default\">\n\t\t\t\t<div class=\"elementor-widget-container\">\n\t\t\t\t\t\t\t\t\t<div class=\"elementor-button-wrapper\">\n\t\t\t\t\t<a class=\"elementor-button elementor-button-link elementor-size-sm\" href=\"https:\/\/microprocess.com.br\/downloads\/PlexiCallTV.apk\" target=\"_blank\">\n\t\t\t\t\t\t<span class=\"elementor-button-content-wrapper\">\n\t\t\t\t\t\t<span class=\"elementor-button-icon\">\n\t\t\t\t\t\t\t\t\t<i class=\"fa fa-arrow-circle-down\" aria-hidden=\"true\"><\/i>\n\t\t\t\t\t\t\t<\/span>\n\t\t\t\t\t\t\t\t\t<span class=\"elementor-button-text\">Download APK<\/span>\n\t\t\t\t\t<\/span>\n\t\t\t\t\t<\/a>\n\t\t\t\t<\/div>\n\t\t\t\t\t\t\t\t<\/div>\n\t\t\t\t<\/div>\n\t\t\t\t<div class=\"elementor-element elementor-element-e806e6b elementor-widget elementor-widget-text-editor\" data-id=\"e806e6b\" data-element_type=\"widget\" data-e-type=\"widget\" data-widget_type=\"text-editor.default\">\n\t\t\t\t<div class=\"elementor-widget-container\">\n\t\t\t\t\t\t\t\t\t<h4>Apresente aos seus pacientes uma recep\u00e7\u00e3o moderna, din\u00e2mica e eficiente com o nosso Sistema de Chamada de TV integrado ao Sistema Onix!<br \/>Imagine um ambiente onde a chamada de pacientes acontece automaticamente, sem confus\u00e3o, enquanto v\u00eddeos institucionais e conte\u00fados educativos rodam em loop, mantendo todos informados e entretidos.<\/h4>\t\t\t\t\t\t\t\t<\/div>\n\t\t\t\t<\/div>\n\t\t\t\t\t<\/div>\n\t\t<\/div>\n\t\t\t\t<div class=\"elementor-column elementor-col-25 elementor-top-column elementor-element elementor-element-fd9fb71\" data-id=\"fd9fb71\" data-element_type=\"column\" data-e-type=\"column\">\n\t\t\t<div class=\"elementor-widget-wrap\">\n\t\t\t\t\t\t\t<\/div>\n\t\t<\/div>\n\t\t\t\t\t<\/div>\n\t\t<\/section>\n\t\t\t\t<\/div>\n\t\t","protected":false},"excerpt":{"rendered":"<p>Microprocess PlexiCallTV Download APK Apresente aos seus pacientes uma recep\u00e7\u00e3o moderna, din\u00e2mica e eficiente com o nosso Sistema de Chamada de TV integrado ao Sistema Onix!Imagine um ambiente onde a chamada de pacientes acontece automaticamente, sem confus\u00e3o, enquanto v\u00eddeos institucionais e conte\u00fados educativos rodam em loop, mantendo todos informados e entretidos.<\/p>\n","protected":false},"author":1,"featured_media":0,"parent":0,"menu_order":0,"comment_status":"closed","ping_status":"closed","template":"","meta":{"footnotes":""},"class_list":["post-1099","page","type-page","status-publish","hentry","entry"],"_links":{"self":[{"href":"https:\/\/microprocess.com.br\/mp\/wp-json\/wp\/v2\/pages\/1099","targetHints":{"allow":["GET"]}}],"collection":[{"href":"https:\/\/microprocess.com.br\/mp\/wp-json\/wp\/v2\/pages"}],"about":[{"href":"https:\/\/microprocess.com.br\/mp\/wp-json\/wp\/v2\/types\/page"}],"author":[{"embeddable":true,"href":"https:\/\/microprocess.com.br\/mp\/wp-json\/wp\/v2\/users\/1"}],"replies":[{"embeddable":true,"href":"https:\/\/microprocess.com.br\/mp\/wp-json\/wp\/v2\/comments?post=1099"}],"version-history":[{"count":13,"href":"https:\/\/microprocess.com.br\/mp\/wp-json\/wp\/v2\/pages\/1099\/revisions"}],"predecessor-version":[{"id":1114,"href":"https:\/\/microprocess.com.br\/mp\/wp-json\/wp\/v2\/pages\/1099\/revisions\/1114"}],"wp:attachment":[{"href":"https:\/\/microprocess.com.br\/mp\/wp-json\/wp\/v2\/media?parent=1099"}],"curies":[{"name":"wp","href":"https:\/\/api.w.org\/{rel}","templated":true}]}}