{"id":142,"date":"2019-01-29T19:11:04","date_gmt":"2019-01-29T19:11:04","guid":{"rendered":"http:\/\/novo.microprocess.com.br\/?page_id=142"},"modified":"2020-02-26T11:43:04","modified_gmt":"2020-02-26T11:43:04","slug":"onix-estoque","status":"publish","type":"page","link":"https:\/\/microprocess.com.br\/mp\/onix-estoque","title":{"rendered":"Estoque"},"content":{"rendered":"<div id=\"wppb-builder-container\" class=\"wppb-builder-container\">                <div  class=\"wppb-row-parent  wppb-row-1549286091785  wppb-wow fadeInDown \"  data-wow-duration='ms' data-wow-delay='ms'  >\n\t\t\t\t\t\n\t\t\t\t\t\t\t\t\t\t\n\t\t\t\t\t\t\t\t\t\t\n\t\t\t\t\t<div class=\"wppb-container \">\n\t\t\t\t\t\t\t\t\t\t\t\t\t\n                        <div class=\"wppb-row\">\n\t\t\t\t\t\t\t                                    <div  class=\"wppb-column-parent wppb-column-parent-view wppb-col-1549286091786  \"  >\n                                        <div class=\"wppb-column\">\n\t\t\t\t\t\n\t\t\t\t\t\t\t\t\t\t\t\n                                            <div class=\"wppb-builder-addons\">\n\t\t\t\t\t\t\t\t\t\t\t\t<div class='wppb-builder-addon wppb-addon-1549286091787'  data-addon-id='1549286091787'><div class='wppb-addon'><div class=\"wppb-headline-addon\"><div class=\"wppb-headline-content\"><h2 class=\"wppb-addon-title\">Estoque<\/h2><\/div><\/div><\/div><\/div>                                            <\/div>\n                                        <\/div>\n                                    <\/div>\n\t\t\t\t\t\t\t\t\t                                    <div  class=\"wppb-column-parent wppb-column-parent-view wppb-col-1549286091788  \"  >\n                                        <div class=\"wppb-column\">\n\t\t\t\t\t\n\t\t\t\t\t\t\t\t\t\t\t\n                                            <div class=\"wppb-builder-addons\">\n\t\t\t\t\t\t\t\t\t\t\t\t<div class='wppb-builder-addon wppb-addon-1549286091789'  data-addon-id='1549286091789'><div class='wppb-addon'><div class=\"wppb-addon wppb-button-addon\"><div class=\"wppb-button-addon-content\"><a  href=\"https:\/\/suporteonix.com.br\/mp\/open.php\" target=_blank class=\"wppb-btn-addons  wppb-btn-custom wppb-btn-rounded wppb-btn-large wppb-btn-full-no\">Entrar em Contato<\/a><\/div><\/div><\/div><\/div>                                            <\/div>\n                                        <\/div>\n                                    <\/div>\n\t\t\t\t\t\t\t\t\t                        <\/div>\n\n                    <\/div>\n                <\/div>\n\t\t\t\t                <div  class=\"wppb-row-parent  wppb-row-1549288472141 \"  >\n\t\t\t\t\t\n\t\t\t\t\t\t\t\t\t\t\n\t\t\t\t\t\t\t\t\t\t\n\t\t\t\t\t<div class=\"wppb-container \">\n\t\t\t\t\t\t\t\t\t\t\t\t\t\n                        <div class=\"wppb-row\">\n\t\t\t\t\t\t\t                                    <div  class=\"wppb-column-parent wppb-column-parent-view wppb-col-1549288472142  \"  >\n                                        <div class=\"wppb-column\">\n\t\t\t\t\t\n\t\t\t\t\t\t\t\t\t\t\t\n                                            <div class=\"wppb-builder-addons\">\n\t\t\t\t\t\t\t\t\t\t\t\t<div class='wppb-builder-addon wppb-addon-1549286798672 wppb-wow fadeInDown'  data-wow-delay='ms'  data-wow-duration='ms'  data-addon-id='1549286798672'><div class='wppb-addon'><div class=\"wppb-headline-addon\"><div class=\"wppb-headline-content\"><h1 class=\"wppb-addon-title\">O Onix Estoque<\/h1><\/div><\/div><\/div><\/div><div class='wppb-builder-addon wppb-addon-1549286904519 wppb-wow fadeInDown'  data-wow-delay='ms'  data-wow-duration='ms'  data-addon-id='1549286904519'><div class='wppb-addon'><div class=\"wppb-text-block-addon\"><div class=\"wppb-text-block-content 0\"><p style=\"text-align: center\">Oferece para voc\u00ea o controle descentralizado dos estoques de todos os produtos usados na institui\u00e7\u00e3o, quer sejam materiais e medicamentos para consumo dos pacientes, ou materiais diversos para consumo pela pr\u00f3pria unidade.<\/p><\/div><\/div><\/div><\/div>            <div  class=\"wppb-row-parent wppb-inner-row-parent wppb-row-1549288472145 \">\n\t\t\t\n\t\t\t\t\t\t\n\t\t\t\t<div class=\"wppb-container\">\n                    <div class=\"wppb-row\">\n\t\t\t\t\t\t                                <div  class=\"wppb-column-parent wppb-column-parent-view wppb-col-1549288472146  \" >\n                                    <div class=\"wppb-column\">\n                                        <div class=\"wppb-builder-addons\">\n\t\t\t\t\t\t\t\t\t\t\t<div  class='wppb-builder-addon wppb-addon-1549288472147   wppb-wow wppb-animated flipInX '  data-wow-delay='ms'  data-wow-duration='ms'   ><div class='wppb-inner_addon'><div class=\"wppb-feature-box-addon\"><div class=\"wppb-feature-box-content\"><h3 class=\"wppb-feature-box-title\">Almoxarifados Sat\u00e9lites<\/h3><div class=\"wppb-feature-box-intro\">O sistema permite o controle de almoxarifados sat\u00e9lites. Desta forma, ao retirar o produto de um setor vai aumentando o estoque em outro, mantendo um hist\u00f3rico de consumo de cada unidade, \u00e9 muito utilizado em hospitais e laborat\u00f3rios onde possui postos que realizem alguns exames.<\/div><\/div><\/div><\/div><\/div>                                        <\/div>\n                                    <\/div>\n                                <\/div>\n\t\t\t\t\t\t\t\t                                <div  class=\"wppb-column-parent wppb-column-parent-view wppb-col-1549288472149  \" >\n                                    <div class=\"wppb-column\">\n                                        <div class=\"wppb-builder-addons\">\n\t\t\t\t\t\t\t\t\t\t\t<div  class='wppb-builder-addon wppb-addon-1549288472150   wppb-wow wppb-animated flipInX '  data-wow-delay='ms'  data-wow-duration='ms'   ><div class='wppb-inner_addon'><div class=\"wppb-feature-box-addon\"><div class=\"wppb-feature-box-content\"><h3 class=\"wppb-feature-box-title\">Controle de entradas<\/h3><div class=\"wppb-feature-box-intro\">As entradas podem ser lan\u00e7ada via recibo, nota fiscal ou atrav\u00e9s da sele\u00e7\u00e3o de itens de alguma ordem de compra previamente lan\u00e7ada. A cada entrada de produto o sistema recalcula o pre\u00e7o de custo de cada material adquirido atrav\u00e9s da m\u00e9dia ponderada entre o que foi comprado e do que estava em estoque.<\/div><\/div><\/div><\/div><\/div>                                        <\/div>\n                                    <\/div>\n                                <\/div>\n\t\t\t\t\t\t\t\t                    <\/div>\n                <\/div>\n            <\/div>\n\t\t\t                                            <\/div>\n                                        <\/div>\n                                    <\/div>\n\t\t\t\t\t\t\t\t\t                        <\/div>\n\n                    <\/div>\n                <\/div>\n\t\t\t\t                <div  class=\"wppb-row-parent \"  >\n\t\t\t\t\t\n\t\t\t\t\t\t\t\t\t\t\n\t\t\t\t\t\t\t\t\t\t\n\t\t\t\t\t<div class=\"wppb-container  wppb-row-1548785530132  wppb-container-row-default\">\n\t\t\t\t\t\t\t\t\t\t\t\t\t\n                        <div class=\"wppb-row\">\n\t\t\t\t\t\t\t                                    <div  class=\"wppb-column-parent wppb-column-parent-view wppb-col-1548785530133  \"  >\n                                        <div class=\"wppb-column\">\n\t\t\t\t\t\n\t\t\t\t\t\t\t\t\t\t\t\n                                            <div class=\"wppb-builder-addons\">\n\t\t\t\t\t\t\t\t\t\t\t\t<div class='wppb-builder-addon wppb-addon-1548785530134 wppb-wow fadeInDown'  data-wow-delay='ms'  data-wow-duration='ms'  data-addon-id='1548785530134'><div class='wppb-addon'><div class=\"wppb-headline-addon\"><div class=\"wppb-headline-content\"><h2 class=\"wppb-addon-title\">Controle dos Produtos<\/h2><\/div><\/div><\/div><\/div><div class='wppb-builder-addon wppb-addon-1548785530135 wppb-wow fadeInDown'  data-wow-delay='200ms'  data-wow-duration='ms'  data-addon-id='1548785530135'><div class='wppb-addon'><div class=\"wppb-headline-addon\"><div class=\"wppb-headline-content\"><h3 class=\"wppb-addon-title\">O sistema mant\u00e9m o hist\u00f3rico de consumo de cada material, permitindo a elabora\u00e7\u00e3o autom\u00e1tica das sugest\u00f5es de compra, as quais se baseiam na proje\u00e7\u00e3o de consumo para o per\u00edodo que se pretende abastecer e nos estoques atuais de cada item.<\/h3><\/div><\/div><\/div><\/div>            <div  class=\"wppb-row-parent wppb-inner-row-parent wppb-row-1548785530136 wppb-wow wppb-animated bounceInUp \">\n\t\t\t\n\t\t\t\t\t\t\n\t\t\t\t<div class=\"wppb-container\">\n                    <div class=\"wppb-row\">\n\t\t\t\t\t\t                                <div  class=\"wppb-column-parent wppb-column-parent-view wppb-col-1548785530980  \" >\n                                    <div class=\"wppb-column\">\n                                        <div class=\"wppb-builder-addons\">\n\t\t\t\t\t\t\t\t\t\t\t<div  class='wppb-builder-addon wppb-addon-1548785530981   '   ><div class='wppb-inner_addon'><div class=\"wppb-progress-bar-addon\"><div class=\"wppb-progressbar-addon-content progressbar-layout-one\"><div class=\"wppb-progress-label wppb-clearfix\">Luvas P<\/div><div class=\"wppb-progress\"><div class=\"wppb-progress-bar wppb-progress-bar-success 0\" style=\"width:59%\"><span class=\"wppb-progress-percent\">59%<\/span><\/div><\/div><\/div><\/div><\/div><\/div><div  class='wppb-builder-addon wppb-addon-1548785530982   wppb-wow wppb-animated fadeIn '  data-wow-delay='ms'  data-wow-duration='ms'   ><div class='wppb-inner_addon'><div class=\"wppb-progress-bar-addon\"><div class=\"wppb-progressbar-addon-content progressbar-layout-one\"><div class=\"wppb-progress-label wppb-clearfix\">Alcool Etilico<\/div><div class=\"wppb-progress\"><div class=\"wppb-progress-bar wppb-progress-bar-warning 0\" style=\"width:33%\"><span class=\"wppb-progress-percent\">33%<\/span><\/div><\/div><\/div><\/div><\/div><\/div>                                        <\/div>\n                                    <\/div>\n                                <\/div>\n\t\t\t\t\t\t\t\t                                <div  class=\"wppb-column-parent wppb-column-parent-view wppb-col-1548785530224  \" >\n                                    <div class=\"wppb-column\">\n                                        <div class=\"wppb-builder-addons\">\n\t\t\t\t\t\t\t\t\t\t\t<div  class='wppb-builder-addon wppb-addon-1548785530225   '   ><div class='wppb-inner_addon'><div class=\"wppb-progress-bar-addon\"><div class=\"wppb-progressbar-addon-content progressbar-layout-one\"><div class=\"wppb-progress-label wppb-clearfix\">Seringa 10ML<\/div><div class=\"wppb-progress\"><div class=\"wppb-progress-bar wppb-progress-bar-success 0\" style=\"width:98%\"><span class=\"wppb-progress-percent\">98%<\/span><\/div><\/div><\/div><\/div><\/div><\/div><div  class='wppb-builder-addon wppb-addon-1548785530432   wppb-wow wppb-animated fadeIn '  data-wow-delay='ms'  data-wow-duration='ms'   ><div class='wppb-inner_addon'><div class=\"wppb-progress-bar-addon\"><div class=\"wppb-progressbar-addon-content progressbar-layout-one\"><div class=\"wppb-progress-label wppb-clearfix\">Seringa 20ML<\/div><div class=\"wppb-progress\"><div class=\"wppb-progress-bar wppb-progress-bar-warning 0\" style=\"width:68%\"><span class=\"wppb-progress-percent\">68%<\/span><\/div><\/div><\/div><\/div><\/div><\/div>                                        <\/div>\n                                    <\/div>\n                                <\/div>\n\t\t\t\t\t\t\t\t                    <\/div>\n                <\/div>\n            <\/div>\n\t\t\t                                            <\/div>\n                                        <\/div>\n                                    <\/div>\n\t\t\t\t\t\t\t\t\t                        <\/div>\n\n                    <\/div>\n                <\/div>\n\t\t\t\t                <div  class=\"wppb-row-parent  wppb-row-1549288474610 \"  >\n\t\t\t\t\t\n\t\t\t\t\t\t\t\t\t\t\n\t\t\t\t\t\t\t\t\t\t\n\t\t\t\t\t<div class=\"wppb-container \">\n\t\t\t\t\t\t\t\t\t\t\t\t\t\n                        <div class=\"wppb-row\">\n\t\t\t\t\t\t\t                                    <div  class=\"wppb-column-parent wppb-column-parent-view wppb-col-1549288474611  \"  >\n                                        <div class=\"wppb-column\">\n\t\t\t\t\t\n\t\t\t\t\t\t\t\t\t\t\t\n                                            <div class=\"wppb-builder-addons\">\n\t\t\t\t\t\t\t\t\t\t\t\t<div class='wppb-builder-addon wppb-addon-1549288474603'  data-addon-id='1549288474603'><div class='wppb-addon'><div class=\"wppb-feature-box-addon\"><div class=\"wppb-feature-box-content\"><h2 class=\"wppb-feature-box-title wppb-wow wppb-animated fadeInDown\" data-wow-duration=\"400ms\" data-wow-delay=\"ms\">Cota\u00e7\u00f5es de Produtos<\/h2><div class=\"wppb-feature-box-intro wppb-wow wppb-animated fadeInDown\" data-wow-duration=\"400ms\" data-wow-delay=\"300ms\">O setor de compras pode emitir cota\u00e7\u00f5es online (via email) para os fornecedores baseado na sugest\u00e3o de compra emitida pelo sistema, podendo ter suas quantidades ajustadas segundo crit\u00e9rios pr\u00f3prios do analista t\u00e9cnico respons\u00e1vel. Sistema tamb\u00e9m oferece a impress\u00e3o das cota\u00e7\u00f5es caso queira enviar por fax ou correio.<\/div><\/div><\/div><\/div><\/div>            <div  class=\"wppb-row-parent wppb-inner-row-parent wppb-row-1549288474614 \">\n\t\t\t\n\t\t\t\t\t\t\n\t\t\t\t<div class=\"wppb-container\">\n                    <div class=\"wppb-row\">\n\t\t\t\t\t\t                                <div  class=\"wppb-column-parent wppb-column-parent-view wppb-col-1549288475490  wppb-wow wppb-animated flipInX \"  data-wow-delay=ms data-wow-duration=ms>\n                                    <div class=\"wppb-column\">\n                                        <div class=\"wppb-builder-addons\">\n\t\t\t\t\t\t\t\t\t\t\t<div  class='wppb-builder-addon wppb-addon-1549288475491   '   ><div class='wppb-inner_addon'><div class=\"wppb-feature-box-addon\"><div class=\"wppb-feature-box-content\"><div class=\"feature-icontitle-wrap\"><div class=\"feature-icontitle-left wppb-clearfix\"><div class=\"wppb-feature-box-icon\"><i class=\"wppb-font-send-message\"><\/i><\/div><h3 class=\"wppb-feature-box-title\">Resposta de Cota\u00e7\u00e3o<\/h3><\/div><div class=\"feature-icontitle-body\"><div class=\"wppb-feature-box-intro\">Quando os fornecedores respondem a cota\u00e7\u00e3o, o respons\u00e1vel pode importar automaticamente estas cota\u00e7\u00f5es para dentro do sistema, que apresenta um comparativo dos pre\u00e7os para gera\u00e7\u00e3o das ordens de compra.<\/div><\/div><\/div><\/div><\/div><\/div><\/div>                                        <\/div>\n                                    <\/div>\n                                <\/div>\n\t\t\t\t\t\t\t\t                                <div  class=\"wppb-column-parent wppb-column-parent-view wppb-col-1549288474615  wppb-wow wppb-animated flipInX \"  data-wow-delay=ms data-wow-duration=ms>\n                                    <div class=\"wppb-column\">\n                                        <div class=\"wppb-builder-addons\">\n\t\t\t\t\t\t\t\t\t\t\t<div  class='wppb-builder-addon wppb-addon-1549288474616   '   ><div class='wppb-inner_addon'><div class=\"wppb-feature-box-addon\"><div class=\"wppb-feature-box-content\"><div class=\"feature-icontitle-wrap\"><div class=\"feature-icontitle-left wppb-clearfix\"><div class=\"wppb-feature-box-icon\"><i class=\"fas fa-cubes\"><\/i><\/div><h3 class=\"wppb-feature-box-title\">Administrar Pedidos<\/h3><\/div><div class=\"feature-icontitle-body\"><div class=\"wppb-feature-box-intro\">A partir do cadastramento dos pedidos de compra realizados, o sistema ir\u00e1 administrar os pedidos pendentes e conferir as quantidades e os valores dos produtos, quando da chegada das notas fiscais, atualizando o contas a pagar da cl\u00ednica (caso tenha o m\u00f3dulo financeiro integrado).<\/div><\/div><\/div><\/div><\/div><\/div><\/div>                                        <\/div>\n                                    <\/div>\n                                <\/div>\n\t\t\t\t\t\t\t\t                    <\/div>\n                <\/div>\n            <\/div>\n\t\t\t                                            <\/div>\n                                        <\/div>\n                                    <\/div>\n\t\t\t\t\t\t\t\t\t                        <\/div>\n\n                    <\/div>\n                <\/div>\n\t\t\t\t<\/div>","protected":false},"excerpt":{"rendered":"<p>Estoque Entrar em Contato O Onix EstoqueOferece para voc\u00ea o controle descentralizado dos estoques de todos os produtos usados na institui\u00e7\u00e3o, quer sejam materiais e medicamentos para consumo dos pacientes, ou materiais diversos para consumo pela pr\u00f3pria unidade. Almoxarifados Sat\u00e9litesO sistema permite o controle de almoxarifados sat\u00e9lites. Desta forma, ao retirar o produto de um [&hellip;]<\/p>\n","protected":false},"author":1,"featured_media":0,"parent":0,"menu_order":0,"comment_status":"closed","ping_status":"closed","template":"","meta":{"footnotes":""},"class_list":["post-142","page","type-page","status-publish","hentry","entry"],"_links":{"self":[{"href":"https:\/\/microprocess.com.br\/mp\/wp-json\/wp\/v2\/pages\/142","targetHints":{"allow":["GET"]}}],"collection":[{"href":"https:\/\/microprocess.com.br\/mp\/wp-json\/wp\/v2\/pages"}],"about":[{"href":"https:\/\/microprocess.com.br\/mp\/wp-json\/wp\/v2\/types\/page"}],"author":[{"embeddable":true,"href":"https:\/\/microprocess.com.br\/mp\/wp-json\/wp\/v2\/users\/1"}],"replies":[{"embeddable":true,"href":"https:\/\/microprocess.com.br\/mp\/wp-json\/wp\/v2\/comments?post=142"}],"version-history":[{"count":3,"href":"https:\/\/microprocess.com.br\/mp\/wp-json\/wp\/v2\/pages\/142\/revisions"}],"predecessor-version":[{"id":926,"href":"https:\/\/microprocess.com.br\/mp\/wp-json\/wp\/v2\/pages\/142\/revisions\/926"}],"wp:attachment":[{"href":"https:\/\/microprocess.com.br\/mp\/wp-json\/wp\/v2\/media?parent=142"}],"curies":[{"name":"wp","href":"https:\/\/api.w.org\/{rel}","templated":true}]}}