{"id":156,"date":"2019-01-30T12:59:16","date_gmt":"2019-01-30T12:59:16","guid":{"rendered":"http:\/\/novo.microprocess.com.br\/?page_id=156"},"modified":"2020-02-26T11:45:57","modified_gmt":"2020-02-26T11:45:57","slug":"onix-financeiro","status":"publish","type":"page","link":"https:\/\/microprocess.com.br\/mp\/onix-financeiro","title":{"rendered":"Financeiro"},"content":{"rendered":"<div id=\"wppb-builder-container\" class=\"wppb-builder-container\">                <div  class=\"wppb-row-parent  wppb-row-1549301880975  wppb-wow fadeInDown \"  data-wow-duration='ms' data-wow-delay='ms'  >\n\t\t\t\t\t\n\t\t\t\t\t\t\t\t\t\t\n\t\t\t\t\t\t\t\t\t\t\n\t\t\t\t\t<div class=\"wppb-container \">\n\t\t\t\t\t\t\t\t\t\t\t\t\t\n                        <div class=\"wppb-row\">\n\t\t\t\t\t\t\t                                    <div  class=\"wppb-column-parent wppb-column-parent-view wppb-col-1549301880976  \"  >\n                                        <div class=\"wppb-column\">\n\t\t\t\t\t\n\t\t\t\t\t\t\t\t\t\t\t\n                                            <div class=\"wppb-builder-addons\">\n\t\t\t\t\t\t\t\t\t\t\t\t<div class='wppb-builder-addon wppb-addon-1549301880977'  data-addon-id='1549301880977'><div class='wppb-addon'><div class=\"wppb-headline-addon\"><div class=\"wppb-headline-content\"><h2 class=\"wppb-addon-title\">Financeiro<\/h2><\/div><\/div><\/div><\/div>                                            <\/div>\n                                        <\/div>\n                                    <\/div>\n\t\t\t\t\t\t\t\t\t                                    <div  class=\"wppb-column-parent wppb-column-parent-view wppb-col-1549301880978  \"  >\n                                        <div class=\"wppb-column\">\n\t\t\t\t\t\n\t\t\t\t\t\t\t\t\t\t\t\n                                            <div class=\"wppb-builder-addons\">\n\t\t\t\t\t\t\t\t\t\t\t\t<div class='wppb-builder-addon wppb-addon-1549301880979'  data-addon-id='1549301880979'><div class='wppb-addon'><div class=\"wppb-addon wppb-button-addon\"><div class=\"wppb-button-addon-content\"><a  href=\"https:\/\/suporteonix.com.br\/mp\/open.php\" target=_blank class=\"wppb-btn-addons  wppb-btn-custom wppb-btn-rounded wppb-btn-large wppb-btn-full-no\">Entrar em Contato<\/a><\/div><\/div><\/div><\/div>                                            <\/div>\n                                        <\/div>\n                                    <\/div>\n\t\t\t\t\t\t\t\t\t                        <\/div>\n\n                    <\/div>\n                <\/div>\n\t\t\t\t                <div  class=\"wppb-row-parent \"  >\n\t\t\t\t\t\n\t\t\t\t\t\t\t\t\t\t\n\t\t\t\t\t\t\t\t\t\t\n\t\t\t\t\t<div class=\"wppb-container  wppb-row-1549301881002  wppb-container-row-default\">\n\t\t\t\t\t\t\t\t\t\t\t\t\t\n                        <div class=\"wppb-row\">\n\t\t\t\t\t\t\t                                    <div  class=\"wppb-column-parent wppb-column-parent-view wppb-col-1549301881003  \"  >\n                                        <div class=\"wppb-column\">\n\t\t\t\t\t\n\t\t\t\t\t\t\t\t\t\t\t\n                                            <div class=\"wppb-builder-addons\">\n\t\t\t\t\t\t\t\t\t\t\t\t<div class='wppb-builder-addon wppb-addon-1549301881004 wppb-wow fadeInDown'  data-wow-delay='ms'  data-wow-duration='ms'  data-addon-id='1549301881004'><div class='wppb-addon'><div class=\"wppb-headline-addon\"><div class=\"wppb-headline-content\"><h2 class=\"wppb-addon-title\">Onix Financeiro<\/h2><\/div><\/div><\/div><\/div><div class='wppb-builder-addon wppb-addon-1549301881005 wppb-wow fadeInDown'  data-wow-delay='ms'  data-wow-duration='ms'  data-addon-id='1549301881005'><div class='wppb-addon'><div class=\"wppb-headline-addon\"><div class=\"wppb-headline-content\"><h3 class=\"wppb-addon-title\">Desenvolvido para resolver seus problemas de forma r\u00e1pida e eficiente.<\/h3><\/div><\/div><\/div><\/div>            <div  class=\"wppb-row-parent wppb-inner-row-parent wppb-row-1549301881006 \">\n\t\t\t\n\t\t\t\t\t\t\n\t\t\t\t<div class=\"wppb-container\">\n                    <div class=\"wppb-row\">\n\t\t\t\t\t\t                                <div  class=\"wppb-column-parent wppb-column-parent-view wppb-col-1549301881009  wppb-wow wppb-animated fadeIn \"  data-wow-delay=ms data-wow-duration=ms>\n                                    <div class=\"wppb-column\">\n                                        <div class=\"wppb-builder-addons\">\n\t\t\t\t\t\t\t\t\t\t\t<div  class='wppb-builder-addon wppb-addon-1548850171569   '   ><div class='wppb-addon'><div class=\"wppb-accordion-addon\"><div class=\"wppb-accordion-addon-content\"><div class=\"wppb-accordion-items\"><div class=\"wppb-accordion-item repeater-0\"><div class=\"wppb-accordion-title wppb-toggle-right active\"><span class=\"wppb-accordion-title-content\">Cadastro<\/span><span class=\"wppb-toggle-direction wppb-toggle-right\"><i class=\"fas fa-plus-square-o\"><\/i><\/span><\/div><div class=\"wppb-panel-collapse\" style=\"\"><div class=\"wppb-accordion-content\"><p>Cadastro de favorecidos (clientes ou fornecedores)<\/p><\/div><\/div><\/div><div class=\"wppb-accordion-item repeater-1\"><div class=\"wppb-accordion-title wppb-toggle-right \"><span class=\"wppb-accordion-title-content\">Agendamento<\/span><span class=\"wppb-toggle-direction wppb-toggle-right\"><i class=\"fas fa-plus-square-o\"><\/i><\/span><\/div><div class=\"wppb-panel-collapse\" style=\"display: none;\"><div class=\"wppb-accordion-content\"><p>Agendamento de previs\u00f5es a pagar ou receber<\/p><\/div><\/div><\/div><div class=\"wppb-accordion-item repeater-2\"><div class=\"wppb-accordion-title wppb-toggle-right \"><span class=\"wppb-accordion-title-content\">Lan\u00e7amento <\/span><span class=\"wppb-toggle-direction wppb-toggle-right\"><i class=\"fas fa-plus-square-o\"><\/i><\/span><\/div><div class=\"wppb-panel-collapse\" style=\"display: none;\"><div class=\"wppb-accordion-content\"><p>Lan\u00e7amento de previs\u00f5es por lote, ou seja, informe uma vez e o sistema j\u00e1 gera todas as parcelas a pagar ou a receber (cons\u00f3rcios, despesas f\u00edsicas, recebimento de conv\u00eanios, etc.)<\/p><\/div><\/div><\/div><div class=\"wppb-accordion-item repeater-3\"><div class=\"wppb-accordion-title wppb-toggle-right \"><span class=\"wppb-accordion-title-content\">Centro de Custo<\/span><span class=\"wppb-toggle-direction wppb-toggle-right\"><i class=\"fas fa-plus-square-o\"><\/i><\/span><\/div><div class=\"wppb-panel-collapse\" style=\"display: none;\"><div class=\"wppb-accordion-content\"><p>Controle por centros de custo com rateio autom\u00e1tico ou n\u00e3o do valor no momento do lan\u00e7amento [sub-m\u00f3dulo opcional]<\/p><\/div><\/div><\/div><div class=\"wppb-accordion-item repeater-4\"><div class=\"wppb-accordion-title wppb-toggle-right \"><span class=\"wppb-accordion-title-content\">Cheques Pr\u00e9-Datados<\/span><span class=\"wppb-toggle-direction wppb-toggle-right\"><i class=\"fas fa-plus-square-o\"><\/i><\/span><\/div><div class=\"wppb-panel-collapse\" style=\"display: none;\"><div class=\"wppb-accordion-content\"><p>Controle completo de cheques pr\u00e9-datados recebidos, dep\u00f3sitos dos mesmos, devolu\u00e7\u00e3o, pagamento de contas, extravios, etc. Mantendo um hist\u00f3rico do que aconteceu com cada cheque<\/p><\/div><\/div><\/div><div class=\"wppb-accordion-item repeater-5\"><div class=\"wppb-accordion-title wppb-toggle-right \"><span class=\"wppb-accordion-title-content\">Concilia\u00e7\u00e3o <\/span><span class=\"wppb-toggle-direction wppb-toggle-right\"><i class=\"fas fa-plus-square-o\"><\/i><\/span><\/div><div class=\"wppb-panel-collapse\" style=\"display: none;\"><div class=\"wppb-accordion-content\"><p>Concilia\u00e7\u00e3o de contas facilitada<\/p><\/div><\/div><\/div><div class=\"wppb-accordion-item repeater-6\"><div class=\"wppb-accordion-title wppb-toggle-right \"><span class=\"wppb-accordion-title-content\">Empresas <\/span><span class=\"wppb-toggle-direction wppb-toggle-right\"><i class=\"fas fa-plus-square-o\"><\/i><\/span><\/div><div class=\"wppb-panel-collapse\" style=\"display: none;\"><div class=\"wppb-accordion-content\"><p>Cadastros de pastas:\u00a0 controle varias empresas no mesmo sistema<\/p><\/div><\/div><\/div><div class=\"wppb-accordion-item repeater-7\"><div class=\"wppb-accordion-title wppb-toggle-right \"><span class=\"wppb-accordion-title-content\">Emiss\u00e3o <\/span><span class=\"wppb-toggle-direction wppb-toggle-right\"><i class=\"fas fa-plus-square-o\"><\/i><\/span><\/div><div class=\"wppb-panel-collapse\" style=\"display: none;\"><div class=\"wppb-accordion-content\"><ul><li>Emiss\u00e3o de notas fiscais;<\/li><li>Emiss\u00e3o de boletos banc\u00e1rios;<\/li><\/ul><\/div><\/div><\/div><div class=\"wppb-accordion-item repeater-8\"><div class=\"wppb-accordion-title wppb-toggle-right \"><span class=\"wppb-accordion-title-content\">Relat\u00f3rios <\/span><span class=\"wppb-toggle-direction wppb-toggle-right\"><i class=\"fas fa-plus-square-o\"><\/i><\/span><\/div><div class=\"wppb-panel-collapse\" style=\"display: none;\"><div class=\"wppb-accordion-content\"><p>V\u00e1rios relat\u00f3rios gerenciais (extratos, por favorecido, por categoria, por conta ou centro de custo)<\/p><\/div><\/div><\/div><\/div><\/div><\/div><\/div><\/div>                                        <\/div>\n                                    <\/div>\n                                <\/div>\n\t\t\t\t\t\t\t\t                                <div  class=\"wppb-column-parent wppb-column-parent-view wppb-col-1549301881007  wppb-wow wppb-animated bounceInRight \"  data-wow-delay=ms data-wow-duration=ms>\n                                    <div class=\"wppb-column\">\n                                        <div class=\"wppb-builder-addons\">\n\t\t\t\t\t\t\t\t\t\t\t                                        <\/div>\n                                    <\/div>\n                                <\/div>\n\t\t\t\t\t\t\t\t                    <\/div>\n                <\/div>\n            <\/div>\n\t\t\t                                            <\/div>\n                                        <\/div>\n                                    <\/div>\n\t\t\t\t\t\t\t\t\t                        <\/div>\n\n                    <\/div>\n                <\/div>\n\t\t\t\t                <div  class=\"wppb-row-parent  wppb-row-1548850172318 \"  >\n\t\t\t\t\t\n\t\t\t\t\t\t\t\t\t\t\n\t\t\t\t\t\t\t\t\t\t\n\t\t\t\t\t<div class=\"wppb-container \">\n\t\t\t\t\t\t\t\t\t\t\t\t\t\n                        <div class=\"wppb-row\">\n\t\t\t\t\t\t\t                                    <div  class=\"wppb-column-parent wppb-column-parent-view wppb-col-1548850172323  wppb-wow fadeInLeft\"  data-wow-delay='300ms'  data-wow-duration='400ms'  >\n                                        <div class=\"wppb-column\">\n\t\t\t\t\t\n\t\t\t\t\t\t\t\t\t\t\t\n                                            <div class=\"wppb-builder-addons\">\n\t\t\t\t\t\t\t\t\t\t\t\t<div class='wppb-builder-addon wppb-addon-1548850172324 wppb-wow fadeInDown'  data-wow-delay='ms'  data-wow-duration='ms'  data-addon-id='1548850172324'><div class='wppb-addon'><div class=\"wppb-feature-box-addon\"><div class=\"wppb-feature-box-content\"><h2 class=\"wppb-feature-box-title\">Relat\u00f3rios e gr\u00e1ficos gerenciais<\/h2><\/div><\/div><\/div><\/div><div class='wppb-builder-addon wppb-addon-1548856118127'  data-addon-id='1548856118127'><div class='wppb-addon'><div class=\"wppb-feature-box-addon\"><div class=\"wppb-feature-box-content\"><div class=\"feature-box-left\"><div class=\"feature-box-left-media\"><div class=\"wppb-feature-box-icon\"><i class=\"fas fa-thumbtack\"><\/i><\/div><\/div><div class=\"feature-box-left-body\"><h3 class=\"wppb-feature-box-title\">Posi\u00e7\u00e3o financeira<\/h3><\/div><\/div><\/div><\/div><\/div><\/div><div class='wppb-builder-addon wppb-addon-1548850172576'  data-addon-id='1548850172576'><div class='wppb-addon'><div class=\"wppb-feature-box-addon\"><div class=\"wppb-feature-box-content\"><div class=\"feature-box-left\"><div class=\"feature-box-left-media\"><div class=\"wppb-feature-box-icon\"><i class=\"fab fa-stack-overflow\"><\/i><\/div><\/div><div class=\"feature-box-left-body\"><h3 class=\"wppb-feature-box-title\">Extrato de conta<\/h3><\/div><\/div><\/div><\/div><\/div><\/div><div class='wppb-builder-addon wppb-addon-1548850172573'  data-addon-id='1548850172573'><div class='wppb-addon'><div class=\"wppb-feature-box-addon\"><div class=\"wppb-feature-box-content\"><div class=\"feature-box-left\"><div class=\"feature-box-left-media\"><div class=\"wppb-feature-box-icon\"><i class=\"fas fa-money-bill-alt\"><\/i><\/div><\/div><div class=\"feature-box-left-body\"><h3 class=\"wppb-feature-box-title\">Previs\u00f5es e pagamentos<\/h3><\/div><\/div><\/div><\/div><\/div><\/div><div class='wppb-builder-addon wppb-addon-1548850172570'  data-addon-id='1548850172570'><div class='wppb-addon'><div class=\"wppb-feature-box-addon\"><div class=\"wppb-feature-box-content\"><div class=\"feature-box-left\"><div class=\"feature-box-left-media\"><div class=\"wppb-feature-box-icon\"><i class=\"fab fa-wpforms\"><\/i><\/div><\/div><div class=\"feature-box-left-body\"><h3 class=\"wppb-feature-box-title\">Movimenta\u00e7\u00e3o por categoria<\/h3><\/div><\/div><\/div><\/div><\/div><\/div><div class='wppb-builder-addon wppb-addon-1548850172609'  data-addon-id='1548850172609'><div class='wppb-addon'><div class=\"wppb-feature-box-addon\"><div class=\"wppb-feature-box-content\"><div class=\"feature-box-left\"><div class=\"feature-box-left-media\"><div class=\"wppb-feature-box-icon\"><i class=\"fab fa-wpforms\"><\/i><\/div><\/div><div class=\"feature-box-left-body\"><h3 class=\"wppb-feature-box-title\">Movimenta\u00e7\u00e3o por favorecido<\/h3><\/div><\/div><\/div><\/div><\/div><\/div>                                            <\/div>\n                                        <\/div>\n                                    <\/div>\n\t\t\t\t\t\t\t\t\t                                    <div  class=\"wppb-column-parent wppb-column-parent-view wppb-col-1548850172319  wppb-wow fadeInLeft\"  data-wow-delay='400ms'  data-wow-duration='500ms'  >\n                                        <div class=\"wppb-column\">\n\t\t\t\t\t\n\t\t\t\t\t\t\t\t\t\t\t\n                                            <div class=\"wppb-builder-addons\">\n\t\t\t\t\t\t\t\t\t\t\t\t<div class='wppb-builder-addon wppb-addon-1548850172621'  data-addon-id='1548850172621'><div class='wppb-addon'><div class=\"wppb-feature-box-addon\"><div class=\"wppb-feature-box-content\"><div class=\"feature-box-left\"><div class=\"feature-box-left-media\"><div class=\"wppb-feature-box-icon\"><i class=\"fab fa-wpforms\"><\/i><\/div><\/div><div class=\"feature-box-left-body\"><h3 class=\"wppb-feature-box-title\">Movimenta\u00e7\u00e3o por centro de custo<\/h3><\/div><\/div><\/div><\/div><\/div><\/div><div class='wppb-builder-addon wppb-addon-1548850172618'  data-addon-id='1548850172618'><div class='wppb-addon'><div class=\"wppb-feature-box-addon\"><div class=\"wppb-feature-box-content\"><div class=\"feature-box-left\"><div class=\"feature-box-left-media\"><div class=\"wppb-feature-box-icon\"><i class=\"fas fa-eye\"><\/i><\/div><\/div><div class=\"feature-box-left-body\"><h3 class=\"wppb-feature-box-title\">Demonstrativo de resultado com centro de custo<\/h3><\/div><\/div><\/div><\/div><\/div><\/div><div class='wppb-builder-addon wppb-addon-1548850172615'  data-addon-id='1548850172615'><div class='wppb-addon'><div class=\"wppb-feature-box-addon\"><div class=\"wppb-feature-box-content\"><div class=\"feature-box-left\"><div class=\"feature-box-left-media\"><div class=\"wppb-feature-box-icon\"><i class=\"fas fa-eye\"><\/i><\/div><\/div><div class=\"feature-box-left-body\"><h3 class=\"wppb-feature-box-title\">Demonstrativo de resultado com desvio padr\u00e3o<\/h3><\/div><\/div><\/div><\/div><\/div><\/div><div class='wppb-builder-addon wppb-addon-1548850172612'  data-addon-id='1548850172612'><div class='wppb-addon'><div class=\"wppb-feature-box-addon\"><div class=\"wppb-feature-box-content\"><div class=\"feature-box-left\"><div class=\"feature-box-left-media\"><div class=\"wppb-feature-box-icon\"><i class=\"fas fa-file-alt\"><\/i><\/div><\/div><div class=\"feature-box-left-body\"><h3 class=\"wppb-feature-box-title\">Folha de lan\u00e7amentos Profissional<\/h3><\/div><\/div><\/div><\/div><\/div><\/div><div class='wppb-builder-addon wppb-addon-1548850172650'  data-addon-id='1548850172650'><div class='wppb-addon'><div class=\"wppb-feature-box-addon\"><div class=\"wppb-feature-box-content\"><div class=\"feature-box-left\"><div class=\"feature-box-left-media\"><div class=\"wppb-feature-box-icon\"><i class=\"fa fa-university\"><\/i><\/div><\/div><div class=\"feature-box-left-body\"><h3 class=\"wppb-feature-box-title\">Centros de custos por favorecido<\/h3><\/div><\/div><\/div><\/div><\/div><\/div><div class='wppb-builder-addon wppb-addon-1548850172647'  data-addon-id='1548850172647'><div class='wppb-addon'><div class=\"wppb-feature-box-addon\"><div class=\"wppb-feature-box-content\"><div class=\"feature-box-left\"><div class=\"feature-box-left-media\"><div class=\"wppb-feature-box-icon\"><i class=\"fab fa-line-chart\"><\/i><\/div><\/div><div class=\"feature-box-left-body\"><h3 class=\"wppb-feature-box-title\">Resumo financeiro por centro de custo<\/h3><\/div><\/div><\/div><\/div><\/div><\/div><div class='wppb-builder-addon wppb-addon-1548850172644'  data-addon-id='1548850172644'><div class='wppb-addon'><div class=\"wppb-feature-box-addon\"><div class=\"wppb-feature-box-content\"><div class=\"feature-box-left\"><div class=\"feature-box-left-media\"><div class=\"wppb-feature-box-icon\"><i class=\"fas fa-list-alt\"><\/i><\/div><\/div><div class=\"feature-box-left-body\"><h3 class=\"wppb-feature-box-title\">Cheques Pr\u00e9-datados recebidos<\/h3><\/div><\/div><\/div><\/div><\/div><\/div><div class='wppb-builder-addon wppb-addon-1548850172677'  data-addon-id='1548850172677'><div class='wppb-addon'><div class=\"wppb-feature-box-addon\"><div class=\"wppb-feature-box-content\"><div class=\"feature-box-left\"><div class=\"feature-box-left-media\"><div class=\"wppb-feature-box-icon\"><i class=\"fas fa-chart-pie\"><\/i><\/div><\/div><div class=\"feature-box-left-body\"><h3 class=\"wppb-feature-box-title\">Relat\u00f3rio de centro de custo por grupo<\/h3><\/div><\/div><\/div><\/div><\/div><\/div>                                            <\/div>\n                                        <\/div>\n                                    <\/div>\n\t\t\t\t\t\t\t\t\t                                    <div  class=\"wppb-column-parent wppb-column-parent-view wppb-col-1548850172665  wppb-wow fadeInLeft\"  data-wow-delay='500ms'  data-wow-duration='600ms'  >\n                                        <div class=\"wppb-column\">\n\t\t\t\t\t\n\t\t\t\t\t\t\t\t\t\t\t\n                                            <div class=\"wppb-builder-addons\">\n\t\t\t\t\t\t\t\t\t\t\t\t<div class='wppb-builder-addon wppb-addon-1548850172666'  data-addon-id='1548850172666'><div class='wppb-addon'><div class=\"wppb-feature-box-addon\"><div class=\"wppb-feature-box-content\"><div class=\"feature-box-left\"><div class=\"feature-box-left-media\"><div class=\"wppb-feature-box-icon\"><i class=\"wppb-font-line-chart\"><\/i><\/div><\/div><div class=\"feature-box-left-body\"><h3 class=\"wppb-feature-box-title\">Relat\u00f3rio de cheques conciliados<\/h3><\/div><\/div><\/div><\/div><\/div><\/div><div class='wppb-builder-addon wppb-addon-1548850172667'  data-addon-id='1548850172667'><div class='wppb-addon'><div class=\"wppb-feature-box-addon\"><div class=\"wppb-feature-box-content\"><div class=\"feature-box-left\"><div class=\"feature-box-left-media\"><div class=\"wppb-feature-box-icon\"><i class=\"wppb-font-bar-chart\"><\/i><\/div><\/div><div class=\"feature-box-left-body\"><h3 class=\"wppb-feature-box-title\">Relat\u00f3rio da movimenta\u00e7\u00e3o por data de modifica\u00e7\u00e3o<\/h3><\/div><\/div><\/div><\/div><\/div><\/div><div class='wppb-builder-addon wppb-addon-1548850172668'  data-addon-id='1548850172668'><div class='wppb-addon'><div class=\"wppb-feature-box-addon\"><div class=\"wppb-feature-box-content\"><div class=\"feature-box-left\"><div class=\"feature-box-left-media\"><div class=\"wppb-feature-box-icon\"><i class=\"far fa-chart-bar\"><\/i><\/div><\/div><div class=\"feature-box-left-body\"><h3 class=\"wppb-feature-box-title\">Relat\u00f3rio de Profissional por centro de custo<\/h3><\/div><\/div><\/div><\/div><\/div><\/div><div class='wppb-builder-addon wppb-addon-1548850172669'  data-addon-id='1548850172669'><div class='wppb-addon'><div class=\"wppb-feature-box-addon\"><div class=\"wppb-feature-box-content\"><div class=\"feature-box-left\"><div class=\"feature-box-left-media\"><div class=\"wppb-feature-box-icon\"><i class=\"fa fa-area-chart\"><\/i><\/div><\/div><div class=\"feature-box-left-body\"><h3 class=\"wppb-feature-box-title\">Relat\u00f3rio do hist\u00f3rico de cheques<\/h3><\/div><\/div><\/div><\/div><\/div><\/div><div class='wppb-builder-addon wppb-addon-1548850172670'  data-addon-id='1548850172670'><div class='wppb-addon'><div class=\"wppb-feature-box-addon\"><div class=\"wppb-feature-box-content\"><div class=\"feature-box-left\"><div class=\"feature-box-left-media\"><div class=\"wppb-feature-box-icon\"><i class=\"fas fa-copy\"><\/i><\/div><\/div><div class=\"feature-box-left-body\"><h3 class=\"wppb-feature-box-title\">Notas fiscais emitidas (Anal\u00edtico)<\/h3><\/div><\/div><\/div><\/div><\/div><\/div><div class='wppb-builder-addon wppb-addon-1548850172671'  data-addon-id='1548850172671'><div class='wppb-addon'><div class=\"wppb-feature-box-addon\"><div class=\"wppb-feature-box-content\"><div class=\"feature-box-left\"><div class=\"feature-box-left-media\"><div class=\"wppb-feature-box-icon\"><i class=\"fas fa-file-alt\"><\/i><\/div><\/div><div class=\"feature-box-left-body\"><h3 class=\"wppb-feature-box-title\">Notas fiscais emitidas (Sint\u00e9tico)<\/h3><\/div><\/div><\/div><\/div><\/div><\/div>                                            <\/div>\n                                        <\/div>\n                                    <\/div>\n\t\t\t\t\t\t\t\t\t                        <\/div>\n\n                    <\/div>\n                <\/div>\n\t\t\t\t<\/div>","protected":false},"excerpt":{"rendered":"<p>Financeiro Entrar em Contato Onix FinanceiroDesenvolvido para resolver seus problemas de forma r\u00e1pida e eficiente. CadastroCadastro de favorecidos (clientes ou fornecedores)AgendamentoAgendamento de previs\u00f5es a pagar ou receberLan\u00e7amento Lan\u00e7amento de previs\u00f5es por lote, ou seja, informe uma vez e o sistema j\u00e1 gera todas as parcelas a pagar ou a receber (cons\u00f3rcios, despesas f\u00edsicas, recebimento de [&hellip;]<\/p>\n","protected":false},"author":1,"featured_media":0,"parent":0,"menu_order":0,"comment_status":"closed","ping_status":"closed","template":"","meta":{"footnotes":""},"class_list":["post-156","page","type-page","status-publish","hentry","entry"],"_links":{"self":[{"href":"https:\/\/microprocess.com.br\/mp\/wp-json\/wp\/v2\/pages\/156","targetHints":{"allow":["GET"]}}],"collection":[{"href":"https:\/\/microprocess.com.br\/mp\/wp-json\/wp\/v2\/pages"}],"about":[{"href":"https:\/\/microprocess.com.br\/mp\/wp-json\/wp\/v2\/types\/page"}],"author":[{"embeddable":true,"href":"https:\/\/microprocess.com.br\/mp\/wp-json\/wp\/v2\/users\/1"}],"replies":[{"embeddable":true,"href":"https:\/\/microprocess.com.br\/mp\/wp-json\/wp\/v2\/comments?post=156"}],"version-history":[{"count":2,"href":"https:\/\/microprocess.com.br\/mp\/wp-json\/wp\/v2\/pages\/156\/revisions"}],"predecessor-version":[{"id":215,"href":"https:\/\/microprocess.com.br\/mp\/wp-json\/wp\/v2\/pages\/156\/revisions\/215"}],"wp:attachment":[{"href":"https:\/\/microprocess.com.br\/mp\/wp-json\/wp\/v2\/media?parent=156"}],"curies":[{"name":"wp","href":"https:\/\/api.w.org\/{rel}","templated":true}]}}