{"id":165,"date":"2019-01-30T17:10:16","date_gmt":"2019-01-30T17:10:16","guid":{"rendered":"http:\/\/novo.microprocess.com.br\/?page_id=165"},"modified":"2019-01-31T16:43:15","modified_gmt":"2019-01-31T16:43:15","slug":"onix-hospitalar","status":"publish","type":"page","link":"https:\/\/microprocess.com.br\/mp\/onix-hospitalar","title":{"rendered":"Hospitalar"},"content":{"rendered":"<div id=\"wppb-builder-container\" class=\"wppb-builder-container\">                <div  class=\"wppb-row-parent  wppb-row-1549304317881  wppb-wow fadeInDown \"  data-wow-duration='ms' data-wow-delay='ms'  >\n\t\t\t\t\t\n\t\t\t\t\t\t\t\t\t\t\n\t\t\t\t\t\t\t\t\t\t\n\t\t\t\t\t<div class=\"wppb-container \">\n\t\t\t\t\t\t\t\t\t\t\t\t\t\n                        <div class=\"wppb-row\">\n\t\t\t\t\t\t\t                                    <div  class=\"wppb-column-parent wppb-column-parent-view wppb-col-1549304317882  \"  >\n                                        <div class=\"wppb-column\">\n\t\t\t\t\t\n\t\t\t\t\t\t\t\t\t\t\t\n                                            <div class=\"wppb-builder-addons\">\n\t\t\t\t\t\t\t\t\t\t\t\t<div class='wppb-builder-addon wppb-addon-1549304317883'  data-addon-id='1549304317883'><div class='wppb-addon'><div class=\"wppb-headline-addon\"><div class=\"wppb-headline-content\"><h2 class=\"wppb-addon-title\">Hospitalar<\/h2><\/div><\/div><\/div><\/div>                                            <\/div>\n                                        <\/div>\n                                    <\/div>\n\t\t\t\t\t\t\t\t\t                                    <div  class=\"wppb-column-parent wppb-column-parent-view wppb-col-1549304317884  \"  >\n                                        <div class=\"wppb-column\">\n\t\t\t\t\t\n\t\t\t\t\t\t\t\t\t\t\t\n                                            <div class=\"wppb-builder-addons\">\n\t\t\t\t\t\t\t\t\t\t\t\t<div class='wppb-builder-addon wppb-addon-1582737653415'  data-addon-id='1582737653415'><div class='wppb-addon'><div class=\"wppb-addon wppb-button-addon\"><div class=\"wppb-button-addon-content\"><a  href=\"https:\/\/suporteonix.com.br\/mp\/open.php\" target=_blank class=\"wppb-btn-addons  wppb-btn-custom wppb-btn-rounded wppb-btn-large wppb-btn-full-no\">Entrar em Contato<\/a><\/div><\/div><\/div><\/div>                                            <\/div>\n                                        <\/div>\n                                    <\/div>\n\t\t\t\t\t\t\t\t\t                        <\/div>\n\n                    <\/div>\n                <\/div>\n\t\t\t\t                <div  class=\"wppb-row-parent \"  >\n\t\t\t\t\t\n\t\t\t\t\t\t\t\t\t\t\n\t\t\t\t\t\t\t\t\t\t\n\t\t\t\t\t<div class=\"wppb-container  wppb-row-1549304317906  wppb-container-row-default\">\n\t\t\t\t\t\t\t\t\t\t\t\t\t\n                        <div class=\"wppb-row\">\n\t\t\t\t\t\t\t                                    <div  class=\"wppb-column-parent wppb-column-parent-view wppb-col-1549304317907  \"  >\n                                        <div class=\"wppb-column\">\n\t\t\t\t\t\n\t\t\t\t\t\t\t\t\t\t\t\n                                            <div class=\"wppb-builder-addons\">\n\t\t\t\t\t\t\t\t\t\t\t\t<div class='wppb-builder-addon wppb-addon-1549304317908 wppb-wow fadeInDown'  data-wow-delay='ms'  data-wow-duration='ms'  data-addon-id='1549304317908'><div class='wppb-addon'><div class=\"wppb-headline-addon\"><div class=\"wppb-headline-content\"><h2 class=\"wppb-addon-title\">Recursos do Onix Hospitalar<\/h2><\/div><\/div><\/div><\/div><div class='wppb-builder-addon wppb-addon-1549304317909 wppb-wow fadeInDown'  data-wow-delay='ms'  data-wow-duration='ms'  data-addon-id='1549304317909'><div class='wppb-addon'><div class=\"wppb-headline-addon\"><div class=\"wppb-headline-content\"><h3 class=\"wppb-addon-title\">Criado para agilizar o processo de atendimento e organiza\u00e7\u00e3o de processos da sua clinica<\/h3><\/div><\/div><\/div><\/div>            <div  class=\"wppb-row-parent wppb-inner-row-parent wppb-row-1549304317910 \">\n\t\t\t\n\t\t\t\t\t\t\n\t\t\t\t<div class=\"wppb-container\">\n                    <div class=\"wppb-row\">\n\t\t\t\t\t\t                                <div  class=\"wppb-column-parent wppb-column-parent-view wppb-col-1549304317911  wppb-wow wppb-animated fadeInLeft \"  data-wow-delay=ms data-wow-duration=ms>\n                                    <div class=\"wppb-column\">\n                                        <div class=\"wppb-builder-addons\">\n\t\t\t\t\t\t\t\t\t\t\t<div  class='wppb-builder-addon wppb-addon-1548867148503   '   ><div class='wppb-inner_addon'><div class=\"wppb-accordion-addon\"><div class=\"wppb-accordion-addon-content\"><div class=\"wppb-accordion-items\"><div class=\"wppb-accordion-item repeater-0\"><div class=\"wppb-accordion-title wppb-toggle-right \"><span class=\"wppb-accordion-title-content\">Agenda Eletr\u00f4nica<\/span><span class=\"wppb-toggle-direction wppb-toggle-right\"><i class=\"fas fa-plus-square-o\"><\/i><\/span><\/div><div class=\"wppb-panel-collapse\" style=\"display: none;\"><div class=\"wppb-accordion-content\"><ul><li>Configura\u00e7\u00e3o por ordem de chegada ou por hora;<\/li><li>Controle do status do agendamento (Confirmado,Aguardando, Atrasado ou Atendido);<\/li><li>Visualiza\u00e7\u00e3o das pend\u00eancias do paciente. Quando o paciente chega a cl\u00ednica a recep\u00e7\u00e3o pode visualizar se o paciente tem alguma pend\u00eancia (um exame que ficou de fazer , um cheque que n\u00e3o foi compensado) e tomar as devidas provid\u00eancias.<\/li><li>Controle de cotas, quantos pacientes podem ser atendidos por um determinado conv\u00eanio ou quantos procedimentos o profissional pode atender, por turno, dia, semana, m\u00eas ou ano.<\/li><li>Feriados locais ou nacionais;<\/li><li>Integra\u00e7\u00e3o com o prontu\u00e1rio, com um \u00fanico clique o profissional poder\u00e1 abrir o prontu\u00e1rio do paciente e em seguida retornar a sua agenda de atendimento;<\/li><li>Help do conv\u00eanio: Alem do pacotes a faturista poder\u00e1 registrar anota\u00e7\u00f5es sobre cada conv\u00eanio como por exemplo como \u00e9 realizado a autoriza\u00e7\u00e3o, observa\u00e7\u00f5es sobres os planos, entre outros. Estas anota\u00e7\u00f5es aparecem durante a visualiza\u00e7\u00e3o do procedimento do paciente o diminui as glosas e facilitam as condutas da recep\u00e7\u00e3o;<\/li><li>Help do profissional: Anota\u00e7\u00f5es das particularidades dos profissionais;<\/li><li>Help dos procedimentos: Informa\u00e7\u00f5es sobre os procedimentos como por exemplo referente a conduta do paciente no dia do atendimento;<\/li><li>Integra\u00e7\u00e3o com o faturamento \u00e9 configurado pacote de atendimento, onde a faturista poder\u00e1 configurar procedimentos , taxas e mat\u00e9rias e medicamentos que s\u00e3o faturados para os conv\u00eanios, desta forma a recep\u00e7\u00e3o n\u00e3o precisa saber sobre as coberturas dos conv\u00eanios j\u00e1 que o Sistema Doctor fatura automaticamente.<\/li><\/ul><\/div><\/div><\/div><div class=\"wppb-accordion-item repeater-1\"><div class=\"wppb-accordion-title wppb-toggle-right \"><span class=\"wppb-accordion-title-content\">Faturamento<\/span><span class=\"wppb-toggle-direction wppb-toggle-right\"><i class=\"fas fa-plus-square-o\"><\/i><\/span><\/div><div class=\"wppb-panel-collapse\" style=\"display: none;\"><div class=\"wppb-accordion-content\"><ul><li>Faturamento de exames com confer\u00eancia da fatura em tela ou relat\u00f3rio;<\/li><li>Gera\u00e7\u00e3o de pend\u00eancias de faturamento online, oferecendo a recep\u00e7\u00e3o a oportunidade de resolv\u00ea-las antes do envio da fatura;<\/li><li>Analise de glosas e recebimento das faturas;<\/li><li>Gera\u00e7\u00e3o de guias e exporta\u00e7\u00e3o eletr\u00f4nica de fatura (Padr\u00e3o TISS ou ABRAMGE);<\/li><li>Gerenciamento de atendimento SUS para preenchimento do BPA;<\/li><li>Gera\u00e7\u00e3o de reapresenta\u00e7\u00e3o de glosas para os conv\u00eanios;<\/li><li>Agilidade na aquisi\u00e7\u00e3o das autoriza\u00e7\u00f5es dos conv\u00eanios sem necessidade de acesso aos seus respectivos sites.<\/li><li>\u00danico sistema no Brasil capaz de capturar a biometria do planserv diretamente de dentro do sistema.<\/li><li>Controle e an\u00e1lise da produ\u00e7\u00e3o do seu laborat\u00f3rio;<\/li><li>V\u00e1rios relat\u00f3rios\u00a0estat\u00edsticos\u00a0e gerenciais.<\/li><\/ul><\/div><\/div><\/div><\/div><\/div><\/div><\/div><\/div>                                        <\/div>\n                                    <\/div>\n                                <\/div>\n\t\t\t\t\t\t\t\t                                <div  class=\"wppb-column-parent wppb-column-parent-view wppb-col-1549304317913  wppb-wow wppb-animated fadeInRight \"  data-wow-delay=ms data-wow-duration=ms>\n                                    <div class=\"wppb-column\">\n                                        <div class=\"wppb-builder-addons\">\n\t\t\t\t\t\t\t\t\t\t\t                                        <\/div>\n                                    <\/div>\n                                <\/div>\n\t\t\t\t\t\t\t\t                    <\/div>\n                <\/div>\n            <\/div>\n\t\t\t                                            <\/div>\n                                        <\/div>\n                                    <\/div>\n\t\t\t\t\t\t\t\t\t                        <\/div>\n\n                    <\/div>\n                <\/div>\n\t\t\t\t                <div  class=\"wppb-row-parent  wppb-row-1549306441314 \"  >\n\t\t\t\t\t\n\t\t\t\t\t\t\t\t\t\t\n\t\t\t\t\t\t\t\t\t\t\n\t\t\t\t\t<div class=\"wppb-container \">\n\t\t\t\t\t\t\t\t\t\t\t\t\t\n                        <div class=\"wppb-row\">\n\t\t\t\t\t\t\t                                    <div  class=\"wppb-column-parent wppb-column-parent-view wppb-col-1549306441315  \"  >\n                                        <div class=\"wppb-column\">\n\t\t\t\t\t\n\t\t\t\t\t\t\t\t\t\t\t\n                                            <div class=\"wppb-builder-addons\">\n\t\t\t\t\t\t\t\t\t\t\t\t<div class='wppb-builder-addon wppb-addon-1549306441316 wppb-wow flipInX'  data-wow-delay='ms'  data-wow-duration='ms'  data-addon-id='1549306441316'><div class='wppb-addon'><div class=\"wppb-feature-box-addon\"><div class=\"wppb-feature-box-content\"><div class=\"feature-icontitle-wrap\"><div class=\"feature-icontitle-left wppb-clearfix\"><div class=\"wppb-feature-box-icon\"><i class=\"wppb-font-exam-sheet\"><\/i><\/div><h3 class=\"wppb-feature-box-title\">Prontu\u00e1rio<\/h3><\/div><div class=\"feature-icontitle-body\"><div class=\"wppb-feature-box-intro\">Configura\u00e7\u00e3o de anamnese para cada profissional. o profissional pode ter uma ou mais anamneses conforme o tipo de atendimento. Configura\u00e7\u00e3o de quem pode visualizar o prontu\u00e1rio daquele profissional e tabem f\u00e1cil visualiza\u00e7\u00e3o do prontu\u00e1rio (por dia de atendimento os todos os prontu\u00e1rios juntos).<\/div><\/div><\/div><\/div><\/div><\/div><\/div>                                            <\/div>\n                                        <\/div>\n                                    <\/div>\n\t\t\t\t\t\t\t\t\t                        <\/div>\n\n                    <\/div>\n                <\/div>\n\t\t\t\t                <div  class=\"wppb-row-parent  wppb-row-1549363782701 \"  >\n\t\t\t\t\t\n\t\t\t\t\t\t\t\t\t\t\n\t\t\t\t\t\t\t\t\t\t\n\t\t\t\t\t<div class=\"wppb-container \">\n\t\t\t\t\t\t\t\t\t\t\t\t\t\n                        <div class=\"wppb-row\">\n\t\t\t\t\t\t\t                                    <div  class=\"wppb-column-parent wppb-column-parent-view wppb-col-1549363782702  \"  >\n                                        <div class=\"wppb-column\">\n\t\t\t\t\t\n\t\t\t\t\t\t\t\t\t\t\t\n                                            <div class=\"wppb-builder-addons\">\n\t\t\t\t\t\t\t\t\t\t\t\t<div class='wppb-builder-addon wppb-addon-1549363782703 wppb-wow flipInX'  data-wow-delay='ms'  data-wow-duration='ms'  data-addon-id='1549363782703'><div class='wppb-addon'><div class=\"wppb-feature-box-addon\"><div class=\"wppb-feature-box-content\"><div class=\"feature-icontitle-wrap\"><div class=\"feature-icontitle-left wppb-clearfix\"><div class=\"wppb-feature-box-icon\"><i class=\"wppb-font-edit-alt\"><\/i><\/div><h3 class=\"wppb-feature-box-title\">Impressos e Receitu\u00e1rio<\/h3><\/div><div class=\"feature-icontitle-body\"><div class=\"wppb-feature-box-intro\">Calculo de dosagem automatizado com preenchimento autom\u00e1tico de informa\u00e7\u00f5es padr\u00f5es (Nome do paciente, carimbo, logomarca, entre outros). Os profissionais podem agrupar os impressos o que facilita no momento do atendimento ao paciente (Receitas,Atestados, Solicita\u00e7\u00e3o de exames);<\/div><\/div><\/div><\/div><\/div><\/div><\/div>                                            <\/div>\n                                        <\/div>\n                                    <\/div>\n\t\t\t\t\t\t\t\t\t                        <\/div>\n\n                    <\/div>\n                <\/div>\n\t\t\t\t                <div  class=\"wppb-row-parent  wppb-row-1549363782706 \"  >\n\t\t\t\t\t\n\t\t\t\t\t\t\t\t\t\t\n\t\t\t\t\t\t\t\t\t\t\n\t\t\t\t\t<div class=\"wppb-container \">\n\t\t\t\t\t\t\t\t\t\t\t\t\t\n                        <div class=\"wppb-row\">\n\t\t\t\t\t\t\t                                    <div  class=\"wppb-column-parent wppb-column-parent-view wppb-col-1549363782707  \"  >\n                                        <div class=\"wppb-column\">\n\t\t\t\t\t\n\t\t\t\t\t\t\t\t\t\t\t\n                                            <div class=\"wppb-builder-addons\">\n\t\t\t\t\t\t\t\t\t\t\t\t<div class='wppb-builder-addon wppb-addon-1549363782708 wppb-wow flipInX'  data-wow-delay='ms'  data-wow-duration='ms'  data-addon-id='1549363782708'><div class='wppb-addon'><div class=\"wppb-feature-box-addon\"><div class=\"wppb-feature-box-content\"><div class=\"feature-icontitle-wrap\"><div class=\"feature-icontitle-left wppb-clearfix\"><div class=\"wppb-feature-box-icon\"><i class=\"wppb-font-person\"><\/i><\/div><h3 class=\"wppb-feature-box-title\">Cadastros<\/h3><\/div><div class=\"feature-icontitle-body\"><div class=\"wppb-feature-box-intro\">Pacientes, profissionais, conv\u00eanios, agendas; Procedimentos e Tabela de pre\u00e7o;<\/div><\/div><\/div><\/div><\/div><\/div><\/div>                                            <\/div>\n                                        <\/div>\n                                    <\/div>\n\t\t\t\t\t\t\t\t\t                                    <div  class=\"wppb-column-parent wppb-column-parent-view wppb-col-1549363782709  \"  >\n                                        <div class=\"wppb-column\">\n\t\t\t\t\t\n\t\t\t\t\t\t\t\t\t\t\t\n                                            <div class=\"wppb-builder-addons\">\n\t\t\t\t\t\t\t\t\t\t\t\t<div class='wppb-builder-addon wppb-addon-1549363782710 wppb-wow flipInX'  data-wow-delay='ms'  data-wow-duration='ms'  data-addon-id='1549363782710'><div class='wppb-addon'><div class=\"wppb-feature-box-addon\"><div class=\"wppb-feature-box-content\"><div class=\"feature-icontitle-wrap\"><div class=\"feature-icontitle-left wppb-clearfix\"><div class=\"wppb-feature-box-icon\"><i class=\"wppb-font-image2\"><\/i><\/div><h3 class=\"wppb-feature-box-title\">Banco de Imagens<\/h3><\/div><div class=\"feature-icontitle-body\"><div class=\"wppb-feature-box-intro\">Armazenamento das imagens do paciente, fica registrado a data e anota\u00e7\u00f5es sobre as imagens.<\/div><\/div><\/div><\/div><\/div><\/div><\/div>                                            <\/div>\n                                        <\/div>\n                                    <\/div>\n\t\t\t\t\t\t\t\t\t                        <\/div>\n\n                    <\/div>\n                <\/div>\n\t\t\t\t<\/div>","protected":false},"excerpt":{"rendered":"<p>Hospitalar Entrar em Contato Recursos do Onix HospitalarCriado para agilizar o processo de atendimento e organiza\u00e7\u00e3o de processos da sua clinica Agenda Eletr\u00f4nicaConfigura\u00e7\u00e3o por ordem de chegada ou por hora;Controle do status do agendamento (Confirmado,Aguardando, Atrasado ou Atendido);Visualiza\u00e7\u00e3o das pend\u00eancias do paciente. Quando o paciente chega a cl\u00ednica a recep\u00e7\u00e3o pode visualizar se o paciente [&hellip;]<\/p>\n","protected":false},"author":1,"featured_media":0,"parent":0,"menu_order":0,"comment_status":"closed","ping_status":"closed","template":"page-templates\/template-pagebuilder-full-width.php","meta":{"footnotes":""},"class_list":["post-165","page","type-page","status-publish","hentry","entry"],"_links":{"self":[{"href":"https:\/\/microprocess.com.br\/mp\/wp-json\/wp\/v2\/pages\/165","targetHints":{"allow":["GET"]}}],"collection":[{"href":"https:\/\/microprocess.com.br\/mp\/wp-json\/wp\/v2\/pages"}],"about":[{"href":"https:\/\/microprocess.com.br\/mp\/wp-json\/wp\/v2\/types\/page"}],"author":[{"embeddable":true,"href":"https:\/\/microprocess.com.br\/mp\/wp-json\/wp\/v2\/users\/1"}],"replies":[{"embeddable":true,"href":"https:\/\/microprocess.com.br\/mp\/wp-json\/wp\/v2\/comments?post=165"}],"version-history":[{"count":2,"href":"https:\/\/microprocess.com.br\/mp\/wp-json\/wp\/v2\/pages\/165\/revisions"}],"predecessor-version":[{"id":216,"href":"https:\/\/microprocess.com.br\/mp\/wp-json\/wp\/v2\/pages\/165\/revisions\/216"}],"wp:attachment":[{"href":"https:\/\/microprocess.com.br\/mp\/wp-json\/wp\/v2\/media?parent=165"}],"curies":[{"name":"wp","href":"https:\/\/api.w.org\/{rel}","templated":true}]}}