{"id":174,"date":"2019-01-30T19:44:18","date_gmt":"2019-01-30T19:44:18","guid":{"rendered":"http:\/\/novo.microprocess.com.br\/?page_id=174"},"modified":"2019-01-31T16:47:08","modified_gmt":"2019-01-31T16:47:08","slug":"onix-odontologico","status":"publish","type":"page","link":"https:\/\/microprocess.com.br\/mp\/onix-odontologico","title":{"rendered":"Odontologico"},"content":{"rendered":"<div id=\"wppb-builder-container\" class=\"wppb-builder-container\">                <div  class=\"wppb-row-parent  wppb-row-1549367862851  wppb-wow fadeInDown \"  data-wow-duration='ms' data-wow-delay='ms'  >\n\t\t\t\t\t\n\t\t\t\t\t\t\t\t\t\t\n\t\t\t\t\t\t\t\t\t\t\n\t\t\t\t\t<div class=\"wppb-container \">\n\t\t\t\t\t\t\t\t\t\t\t\t\t\n                        <div class=\"wppb-row\">\n\t\t\t\t\t\t\t                                    <div  class=\"wppb-column-parent wppb-column-parent-view wppb-col-1549367862852  \"  >\n                                        <div class=\"wppb-column\">\n\t\t\t\t\t\n\t\t\t\t\t\t\t\t\t\t\t\n                                            <div class=\"wppb-builder-addons\">\n\t\t\t\t\t\t\t\t\t\t\t\t<div class='wppb-builder-addon wppb-addon-1549367862853'  data-addon-id='1549367862853'><div class='wppb-addon'><div class=\"wppb-headline-addon\"><div class=\"wppb-headline-content\"><h2 class=\"wppb-addon-title\">Odontologico<\/h2><\/div><\/div><\/div><\/div>                                            <\/div>\n                                        <\/div>\n                                    <\/div>\n\t\t\t\t\t\t\t\t\t                                    <div  class=\"wppb-column-parent wppb-column-parent-view wppb-col-1549367862854  \"  >\n                                        <div class=\"wppb-column\">\n\t\t\t\t\t\n\t\t\t\t\t\t\t\t\t\t\t\n                                            <div class=\"wppb-builder-addons\">\n\t\t\t\t\t\t\t\t\t\t\t\t<div class='wppb-builder-addon wppb-addon-1549367862855'  data-addon-id='1549367862855'><div class='wppb-addon'><div class=\"wppb-addon wppb-button-addon\"><div class=\"wppb-button-addon-content\"><a  href=\"https:\/\/suporteonix.com.br\/mp\/open.php\" target=_blank class=\"wppb-btn-addons  wppb-btn-custom wppb-btn-rounded wppb-btn-large wppb-btn-full-no\">Entrar em Contato<\/a><\/div><\/div><\/div><\/div>                                            <\/div>\n                                        <\/div>\n                                    <\/div>\n\t\t\t\t\t\t\t\t\t                        <\/div>\n\n                    <\/div>\n                <\/div>\n\t\t\t\t                <div  class=\"wppb-row-parent  wppb-row-1549367862968 \"  >\n\t\t\t\t\t\n\t\t\t\t\t\t\t\t\t\t\n\t\t\t\t\t\t\t\t\t\t\n\t\t\t\t\t<div class=\"wppb-container \">\n\t\t\t\t\t\t\t\t\t\t\t\t\t\n                        <div class=\"wppb-row\">\n\t\t\t\t\t\t\t                                    <div  class=\"wppb-column-parent wppb-column-parent-view wppb-col-1549367862969  \"  >\n                                        <div class=\"wppb-column\">\n\t\t\t\t\t\n\t\t\t\t\t\t\t\t\t\t\t\n                                            <div class=\"wppb-builder-addons\">\n\t\t\t\t\t\t\t\t\t\t\t\t<div class='wppb-builder-addon wppb-addon-1549367863657 wppb-wow fadeInDown'  data-wow-delay='ms'  data-wow-duration='ms'  data-addon-id='1549367863657'><div class='wppb-addon'><div class=\"wppb-headline-addon\"><div class=\"wppb-headline-content\"><h1 class=\"wppb-addon-title\">O Onix Odontologico<\/h1><\/div><\/div><\/div><\/div><div class='wppb-builder-addon wppb-addon-1549367862971 wppb-wow fadeInDown'  data-wow-delay='ms'  data-wow-duration='ms'  data-addon-id='1549367862971'><div class='wppb-addon'><div class=\"wppb-text-block-addon\"><div class=\"wppb-text-block-content 0\"><p style=\"text-align: center\">Tenha o controle todo o processo de atendimento do cliente, seu or\u00e7amento, tratamento e faturamento.<\/p><\/div><\/div><\/div><\/div>            <div  class=\"wppb-row-parent wppb-inner-row-parent wppb-row-1549367862972 \">\n\t\t\t\n\t\t\t\t\t\t\n\t\t\t\t<div class=\"wppb-container\">\n                    <div class=\"wppb-row\">\n\t\t\t\t\t\t                                <div  class=\"wppb-column-parent wppb-column-parent-view wppb-col-1549367862973  wppb-wow wppb-animated flipInX \"  data-wow-delay=ms data-wow-duration=ms>\n                                    <div class=\"wppb-column\">\n                                        <div class=\"wppb-builder-addons\">\n\t\t\t\t\t\t\t\t\t\t\t<div  class='wppb-builder-addon wppb-addon-1549367862974   wppb-wow wppb-animated flipInX '  data-wow-delay='ms'  data-wow-duration='ms'   ><div class='wppb-inner_addon'><div class=\"wppb-feature-box-addon\"><div class=\"wppb-feature-box-content\"><h3 class=\"wppb-feature-box-title\">Tratamentos<\/h3><div class=\"wppb-feature-box-intro\">&nbsp;&nbsp;&nbsp;&nbsp;Na planilha de tratamento podem ser lan\u00e7ados todos os servi\u00e7os a serem executados no cliente. O sistema automaticamente apresenta os valores a serem recebidos se o conv\u00eanio for particular. &nbsp;&nbsp;&nbsp;&nbsp;No caso de atendimentos particulares, cada recepcionista ter\u00e1 seu pr\u00f3prio caixa, registrando todos os recebimentos em cart\u00e3o, dinheiro ou cheques. Poder\u00e1 tamb\u00e9m fazer transfer\u00eancias entre recep\u00e7\u00f5es, a recepcionista pode at\u00e9 pagar uma conta da cl\u00ednica se for necess\u00e1rio, e no final do dia, com o m\u00f3dulo de confer\u00eancia de caixa ser\u00e1 o administrador ou gerente financeiro da cl\u00ednica poder\u00e1 conferir todos estes recebimentos.<\/div><\/div><\/div><\/div><\/div>                                        <\/div>\n                                    <\/div>\n                                <\/div>\n\t\t\t\t\t\t\t\t                                <div  class=\"wppb-column-parent wppb-column-parent-view wppb-col-1549367862975  wppb-wow wppb-animated flipInX \"  data-wow-delay=ms data-wow-duration=ms>\n                                    <div class=\"wppb-column\">\n                                        <div class=\"wppb-builder-addons\">\n\t\t\t\t\t\t\t\t\t\t\t<div  class='wppb-builder-addon wppb-addon-1549367862976   wppb-wow wppb-animated flipInX '  data-wow-delay='ms'  data-wow-duration='ms'   ><div class='wppb-inner_addon'><div class=\"wppb-feature-box-addon\"><div class=\"wppb-feature-box-content\"><h3 class=\"wppb-feature-box-title\">Controle de pr\u00f3teses<\/h3><div class=\"wppb-feature-box-intro\">&nbsp;&nbsp;&nbsp;&nbsp;O sistema tamb\u00e9m facilita todo o controle de pr\u00f3teses, ou seja, ao lan\u00e7ar um servi\u00e7o que possua pr\u00f3tese, automaticamente o sistema lan\u00e7a esta pr\u00f3tese, que pode ser baixada assim que o prot\u00e9tico entregar a(s) mesma(s). Um contas a pagar \u00e9 gerado automaticamente para aquele prot\u00e9tico para que a cl\u00ednica possa acertar em algum dia do m\u00eas. Este controle impede que o prot\u00e9tico cobre duas ou mais vezes pela mesma pr\u00f3tese.<\/div><\/div><\/div><\/div><\/div>                                        <\/div>\n                                    <\/div>\n                                <\/div>\n\t\t\t\t\t\t\t\t                    <\/div>\n                <\/div>\n            <\/div>\n\t\t\t                                            <\/div>\n                                        <\/div>\n                                    <\/div>\n\t\t\t\t\t\t\t\t\t                        <\/div>\n\n                    <\/div>\n                <\/div>\n\t\t\t\t                <div  class=\"wppb-row-parent  wppb-row-1548873880377 \"  >\n\t\t\t\t\t\n\t\t\t\t\t\t\t\t\t\t\n\t\t\t\t\t\t\t\t\t\t\n\t\t\t\t\t<div class=\"wppb-container \">\n\t\t\t\t\t\t\t\t\t\t\t\t\t\n                        <div class=\"wppb-row\">\n\t\t\t\t\t\t\t                                    <div  class=\"wppb-column-parent wppb-column-parent-view wppb-col-1548873880376  \"  >\n                                        <div class=\"wppb-column\">\n\t\t\t\t\t\n\t\t\t\t\t\t\t\t\t\t\t\n                                            <div class=\"wppb-builder-addons\">\n\t\t\t\t\t\t\t\t\t\t\t\t<div class='wppb-builder-addon wppb-addon-1548874311889'  data-addon-id='1548874311889'><div class='wppb-addon'><div class=\"wppb-headline-addon\"><div class=\"wppb-headline-content\"><h2 class=\"wppb-addon-title\">O sistema s\u00f3 permite a baixa de servi\u00e7os para um determinado dentista caso haja saldo suficiente para fazer aquele servi\u00e7o. Impedindo assim que o dentista receba sem que o paciente tenha pago pelo servi\u00e7o.<\/h2><\/div><\/div><\/div><\/div>                                            <\/div>\n                                        <\/div>\n                                    <\/div>\n\t\t\t\t\t\t\t\t\t                        <\/div>\n\n                    <\/div>\n                <\/div>\n\t\t\t\t                <div  class=\"wppb-row-parent  wppb-row-1549367864452 \"  >\n\t\t\t\t\t\n\t\t\t\t\t\t\t\t\t\t\n\t\t\t\t\t\t\t\t\t\t\n\t\t\t\t\t<div class=\"wppb-container \">\n\t\t\t\t\t\t\t\t\t\t\t\t\t\n                        <div class=\"wppb-row\">\n\t\t\t\t\t\t\t                                    <div  class=\"wppb-column-parent wppb-column-parent-view wppb-col-1549367864453  \"  >\n                                        <div class=\"wppb-column\">\n\t\t\t\t\t\n\t\t\t\t\t\t\t\t\t\t\t\n                                            <div class=\"wppb-builder-addons\">\n\t\t\t\t\t\t\t\t\t\t\t\t<div class='wppb-builder-addon wppb-addon-1549367864454 wppb-wow flipInX'  data-wow-delay='400ms'  data-wow-duration='800ms'  data-addon-id='1549367864454'><div class='wppb-addon'><div class=\"wppb-feature-box-addon\"><div class=\"wppb-feature-box-content\"><div class=\"feature-icontitle-wrap\"><div class=\"feature-icontitle-left wppb-clearfix\"><div class=\"wppb-feature-box-icon\"><i class=\"wppb-font-exam-sheet\"><\/i><\/div><h3 class=\"wppb-feature-box-title\">Controle de Repasse<\/h3><\/div><div class=\"feature-icontitle-body\"><div class=\"wppb-feature-box-intro\">O sistema conta ainda com um controle completo de repasse para os profissionais, s\u00f3 \u00e9 pago para o profissional aquilo que n\u00e3o foi glosado pelo conv\u00eanio ou o dos servi\u00e7os particulares que foram baixados.<\/div><\/div><\/div><\/div><\/div><\/div><\/div>                                            <\/div>\n                                        <\/div>\n                                    <\/div>\n\t\t\t\t\t\t\t\t\t                        <\/div>\n\n                    <\/div>\n                <\/div>\n\t\t\t\t<\/div>","protected":false},"excerpt":{"rendered":"<p>Odontologico Entrar em Contato O Onix OdontologicoTenha o controle todo o processo de atendimento do cliente, seu or\u00e7amento, tratamento e faturamento. Tratamentos&nbsp;&nbsp;&nbsp;&nbsp;Na planilha de tratamento podem ser lan\u00e7ados todos os servi\u00e7os a serem executados no cliente. O sistema automaticamente apresenta os valores a serem recebidos se o conv\u00eanio for particular. &nbsp;&nbsp;&nbsp;&nbsp;No caso de atendimentos particulares, [&hellip;]<\/p>\n","protected":false},"author":1,"featured_media":0,"parent":0,"menu_order":0,"comment_status":"closed","ping_status":"closed","template":"page-templates\/template-pagebuilder-full-width.php","meta":{"footnotes":""},"class_list":["post-174","page","type-page","status-publish","hentry","entry"],"_links":{"self":[{"href":"https:\/\/microprocess.com.br\/mp\/wp-json\/wp\/v2\/pages\/174","targetHints":{"allow":["GET"]}}],"collection":[{"href":"https:\/\/microprocess.com.br\/mp\/wp-json\/wp\/v2\/pages"}],"about":[{"href":"https:\/\/microprocess.com.br\/mp\/wp-json\/wp\/v2\/types\/page"}],"author":[{"embeddable":true,"href":"https:\/\/microprocess.com.br\/mp\/wp-json\/wp\/v2\/users\/1"}],"replies":[{"embeddable":true,"href":"https:\/\/microprocess.com.br\/mp\/wp-json\/wp\/v2\/comments?post=174"}],"version-history":[{"count":2,"href":"https:\/\/microprocess.com.br\/mp\/wp-json\/wp\/v2\/pages\/174\/revisions"}],"predecessor-version":[{"id":218,"href":"https:\/\/microprocess.com.br\/mp\/wp-json\/wp\/v2\/pages\/174\/revisions\/218"}],"wp:attachment":[{"href":"https:\/\/microprocess.com.br\/mp\/wp-json\/wp\/v2\/media?parent=174"}],"curies":[{"name":"wp","href":"https:\/\/api.w.org\/{rel}","templated":true}]}}