{"id":219,"date":"2019-01-31T17:22:44","date_gmt":"2019-01-31T17:22:44","guid":{"rendered":"http:\/\/novo.microprocess.com.br\/?page_id=219"},"modified":"2019-01-31T17:22:45","modified_gmt":"2019-01-31T17:22:45","slug":"sms","status":"publish","type":"page","link":"https:\/\/microprocess.com.br\/mp\/sms","title":{"rendered":"SMS"},"content":{"rendered":"<div id=\"wppb-builder-container\" class=\"wppb-builder-container\">                <div  class=\"wppb-row-parent  wppb-row-1549371400730  wppb-wow fadeInDown \"  data-wow-duration='ms' data-wow-delay='ms'  >\n\t\t\t\t\t\n\t\t\t\t\t\t\t\t\t\t\n\t\t\t\t\t\t\t\t\t\t\n\t\t\t\t\t<div class=\"wppb-container \">\n\t\t\t\t\t\t\t\t\t\t\t\t\t\n                        <div class=\"wppb-row\">\n\t\t\t\t\t\t\t                                    <div  class=\"wppb-column-parent wppb-column-parent-view wppb-col-1549371400731  \"  >\n                                        <div class=\"wppb-column\">\n\t\t\t\t\t\n\t\t\t\t\t\t\t\t\t\t\t\n                                            <div class=\"wppb-builder-addons\">\n\t\t\t\t\t\t\t\t\t\t\t\t<div class='wppb-builder-addon wppb-addon-1549371400732'  data-addon-id='1549371400732'><div class='wppb-addon'><div class=\"wppb-headline-addon\"><div class=\"wppb-headline-content\"><h2 class=\"wppb-addon-title\">SMS<\/h2><\/div><\/div><\/div><\/div>                                            <\/div>\n                                        <\/div>\n                                    <\/div>\n\t\t\t\t\t\t\t\t\t                                    <div  class=\"wppb-column-parent wppb-column-parent-view wppb-col-1549371400733  \"  >\n                                        <div class=\"wppb-column\">\n\t\t\t\t\t\n\t\t\t\t\t\t\t\t\t\t\t\n                                            <div class=\"wppb-builder-addons\">\n\t\t\t\t\t\t\t\t\t\t\t\t<div class='wppb-builder-addon wppb-addon-1549371400734'  data-addon-id='1549371400734'><div class='wppb-addon'><div class=\"wppb-addon wppb-button-addon\"><div class=\"wppb-button-addon-content\"><a  href=\"https:\/\/suporteonix.com.br\/mp\/open.php\" target=_blank class=\"wppb-btn-addons  wppb-btn-custom wppb-btn-rounded wppb-btn-large wppb-btn-full-no\">Entrar em Contato<\/a><\/div><\/div><\/div><\/div>                                            <\/div>\n                                        <\/div>\n                                    <\/div>\n\t\t\t\t\t\t\t\t\t                        <\/div>\n\n                    <\/div>\n                <\/div>\n\t\t\t\t                <div  class=\"wppb-row-parent  wppb-row-1549371400809 \"  >\n\t\t\t\t\t\n\t\t\t\t\t\t\t\t\t\t\n\t\t\t\t\t\t\t\t\t\t\n\t\t\t\t\t<div class=\"wppb-container \">\n\t\t\t\t\t\t\t\t\t\t\t\t\t\n                        <div class=\"wppb-row\">\n\t\t\t\t\t\t\t                                    <div  class=\"wppb-column-parent wppb-column-parent-view wppb-col-1549371400808  \"  >\n                                        <div class=\"wppb-column\">\n\t\t\t\t\t\n\t\t\t\t\t\t\t\t\t\t\t\n                                            <div class=\"wppb-builder-addons\">\n\t\t\t\t\t\t\t\t\t\t\t\t<div class='wppb-builder-addon wppb-addon-1548949764771 wppb-wow fadeInDown'  data-wow-delay='ms'  data-wow-duration='ms'  data-addon-id='1548949764771'><div class='wppb-addon'><div class=\"wppb-headline-addon\"><div class=\"wppb-headline-content\"><h2 class=\"wppb-addon-title\">No Onix Sms voc\u00ea pode enviar mensagens 24 horas por dia e 7 dias por semana.<\/h2><\/div><\/div><\/div><\/div>                                            <\/div>\n                                        <\/div>\n                                    <\/div>\n\t\t\t\t\t\t\t\t\t                        <\/div>\n\n                    <\/div>\n                <\/div>\n\t\t\t\t                <div  class=\"wppb-row-parent  wppb-row-1549371400805 \"  >\n\t\t\t\t\t\n\t\t\t\t\t\t\t\t\t\t\n\t\t\t\t\t\t\t\t\t\t\n\t\t\t\t\t<div class=\"wppb-container \">\n\t\t\t\t\t\t\t\t\t\t\t\t\t\n                        <div class=\"wppb-row\">\n\t\t\t\t\t\t\t                                    <div  class=\"wppb-column-parent wppb-column-parent-view wppb-col-1549371400806  \"  >\n                                        <div class=\"wppb-column\">\n\t\t\t\t\t\n\t\t\t\t\t\t\t\t\t\t\t\n                                            <div class=\"wppb-builder-addons\">\n\t\t\t\t\t\t\t\t\t\t\t\t<div class='wppb-builder-addon wppb-addon-1549371400807 wppb-wow flipInX'  data-wow-delay='400ms'  data-wow-duration='800ms'  data-addon-id='1549371400807'><div class='wppb-addon'><div class=\"wppb-feature-box-addon\"><div class=\"wppb-feature-box-content\"><div class=\"feature-icontitle-wrap\"><div class=\"feature-icontitle-left wppb-clearfix\"><\/div><div class=\"feature-icontitle-body\"><div class=\"wppb-feature-box-intro\">Sua empresa n\u00e3o precisa designar um funcion\u00e1rio s\u00f3 para ligar para os pacientes, ressaltando que um funcion\u00e1rio n\u00e3o poderia ligar nos domingos e feriados. No Onix Sms voc\u00ea pode configurar para enviar mensagens 7 dias por semana, 24 horas por dia.<\/div><\/div><\/div><\/div><\/div><\/div><\/div>                                            <\/div>\n                                        <\/div>\n                                    <\/div>\n\t\t\t\t\t\t\t\t\t                        <\/div>\n\n                    <\/div>\n                <\/div>\n\t\t\t\t                <div  class=\"wppb-row-parent \"  >\n\t\t\t\t\t\n\t\t\t\t\t\t\t\t\t\t\n\t\t\t\t\t\t\t\t\t\t\n\t\t\t\t\t<div class=\"wppb-container  wppb-row-1548949764769  wppb-container-row-default\">\n\t\t\t\t\t\t\t\t\t\t\t\t\t\n                        <div class=\"wppb-row\">\n\t\t\t\t\t\t\t                                    <div  class=\"wppb-column-parent wppb-column-parent-view wppb-col-1548949764770  \"  >\n                                        <div class=\"wppb-column\">\n\t\t\t\t\t\n\t\t\t\t\t\t\t\t\t\t\t\n                                            <div class=\"wppb-builder-addons\">\n\t\t\t\t\t\t\t\t\t\t\t\t            <div  class=\"wppb-row-parent wppb-inner-row-parent wppb-row-1548949764773 \">\n\t\t\t\n\t\t\t\t\t\t\n\t\t\t\t<div class=\"wppb-container\">\n                    <div class=\"wppb-row\">\n\t\t\t\t\t\t                                <div  class=\"wppb-column-parent wppb-column-parent-view wppb-col-1548949764774  \" >\n                                    <div class=\"wppb-column\">\n                                        <div class=\"wppb-builder-addons\">\n\t\t\t\t\t\t\t\t\t\t\t<div  class='wppb-builder-addon wppb-addon-1548949764834   '   ><div class='wppb-addon'><div class=\"wppb-headline-addon\"><div class=\"wppb-headline-content\"><h2 class=\"wppb-addon-title\">V\u00e1rias configura\u00e7\u00f5es de mensagens podem ser realizadas<\/h2><\/div><\/div><\/div><\/div><div  class='wppb-builder-addon wppb-addon-1548952155736   '   ><div class='wppb-inner_addon'><div class=\"wppb-blocknumber-addon\"><div class=\"wppb-blocknumber-addon-content\"><div class=\"wppb-blocknumber-media\"><div class=\"wppb-blocknumber-number\"><span>1<\/span><\/div><div class=\"wppb-blocknumber-body\"><h5 class=\"wppb-blocknumber-title\">Enviar somente para as mulheres (no caso dos dias das m\u00e3es);<\/h5><\/div><\/div><\/div><\/div><\/div><\/div><div  class='wppb-builder-addon wppb-addon-1548949765222   '   ><div class='wppb-inner_addon'><div class=\"wppb-blocknumber-addon\"><div class=\"wppb-blocknumber-addon-content\"><div class=\"wppb-blocknumber-media\"><div class=\"wppb-blocknumber-number\"><span>2<\/span><\/div><div class=\"wppb-blocknumber-body\"><h5 class=\"wppb-blocknumber-title\">Para todos os pacientes de uma determinada faixa et\u00e1ria<\/h5><\/div><\/div><\/div><\/div><\/div><\/div><div  class='wppb-builder-addon wppb-addon-1548949765217   '   ><div class='wppb-inner_addon'><div class=\"wppb-blocknumber-addon\"><div class=\"wppb-blocknumber-addon-content\"><div class=\"wppb-blocknumber-media\"><div class=\"wppb-blocknumber-number\"><span>3<\/span><\/div><div class=\"wppb-blocknumber-body\"><h5 class=\"wppb-blocknumber-title\">Para confirmar o agendamento do dia seguinte (Evitando que o paciente falte a uma consulta)<\/h5><\/div><\/div><\/div><\/div><\/div><\/div><div  class='wppb-builder-addon wppb-addon-1548949765002   '   ><div class='wppb-inner_addon'><div class=\"wppb-blocknumber-addon\"><div class=\"wppb-blocknumber-addon-content\"><div class=\"wppb-blocknumber-media\"><div class=\"wppb-blocknumber-number\"><span>4<\/span><\/div><div class=\"wppb-blocknumber-body\"><h5 class=\"wppb-blocknumber-title\">Quando a cl\u00ednica estiver disponibilizando um novo servi\u00e7o e quer avisar aos seus pacientes<\/h5><\/div><\/div><\/div><\/div><\/div><\/div><div  class='wppb-builder-addon wppb-addon-1548949765875   '   ><div class='wppb-addon'><div class=\"wppb-headline-addon\"><div class=\"wppb-headline-content\"><h2 class=\"wppb-addon-title\">O envio \u00e9 autom\u00e1tico sem a interven\u00e7\u00e3o de usu\u00e1rios, podendo enviar tamb\u00e9m nos s\u00e1bados, domingos e feriados.<\/h2><\/div><\/div><\/div><\/div>                                        <\/div>\n                                    <\/div>\n                                <\/div>\n\t\t\t\t\t\t\t\t                                <div  class=\"wppb-column-parent wppb-column-parent-view wppb-col-1548949764776  \" >\n                                    <div class=\"wppb-column\">\n                                        <div class=\"wppb-builder-addons\">\n\t\t\t\t\t\t\t\t\t\t\t<div  class='wppb-builder-addon wppb-addon-1705759115999   wppb-wow wppb-animated flipInX '  data-wow-delay='404ms'  data-wow-duration='807ms'   ><div class='wppb-inner_addon'><div class=\"wppb-image-addon\"><figure class=\"wppb-image-addon-content-wrap\"><div class=\"wppb-image-addon-content wppb-imginlineblock\"><img decoding=\"async\" class=\"wppb-image-addon-img\" src=\"https:\/\/microprocess.com.br\/mp\/wp-content\/uploads\/2024\/01\/sms-site-768x717.png\" alt=\"Image\"><\/div><\/figure><\/div><\/div><\/div>                                        <\/div>\n                                    <\/div>\n                                <\/div>\n\t\t\t\t\t\t\t\t                    <\/div>\n                <\/div>\n            <\/div>\n\t\t\t                                            <\/div>\n                                        <\/div>\n                                    <\/div>\n\t\t\t\t\t\t\t\t\t                        <\/div>\n\n                    <\/div>\n                <\/div>\n\t\t\t\t                <div  class=\"wppb-row-parent  wppb-row-1548949765916 \"  >\n\t\t\t\t\t\n\t\t\t\t\t\t\t\t\t\t\n\t\t\t\t\t\t\t\t\t\t\n\t\t\t\t\t<div class=\"wppb-container \">\n\t\t\t\t\t\t\t\t\t\t\t\t\t\n                        <div class=\"wppb-row\">\n\t\t\t\t\t\t\t                                    <div  class=\"wppb-column-parent wppb-column-parent-view wppb-col-1548949765917  \"  >\n                                        <div class=\"wppb-column\">\n\t\t\t\t\t\n\t\t\t\t\t\t\t\t\t\t\t\n                                            <div class=\"wppb-builder-addons\">\n\t\t\t\t\t\t\t\t\t\t\t\t<div class='wppb-builder-addon wppb-addon-1548949765919'  data-addon-id='1548949765919'><div class='wppb-addon'><div class=\"wppb-feature-box-addon\"><div class=\"wppb-feature-box-content\"><div class=\"wppb-feature-box-intro\">O Brasil hoje tem mais de uma linha de celular por habitante (em m\u00e9dia 1,3), 20 milh\u00f5es de novas habilita\u00e7\u00f5es por ano e sinal em 88% do territ\u00f3rio nacional.<\/div><\/div><\/div><\/div><\/div><div class='wppb-builder-addon wppb-addon-1548949765968'  data-addon-id='1548949765968'><div class='wppb-addon'><div class=\"wppb-feature-box-addon\"><div class=\"wppb-feature-box-content\"><div class=\"wppb-feature-box-intro\">Hoje em dia o marketing com seus clientes \u00e9 fundamental para a empresa e neste m\u00f3dulo voc\u00ea ter\u00e1 um marketing com custo bem acess\u00edvel e extremamente eficiente.<\/div><\/div><\/div><\/div><\/div><div class='wppb-builder-addon wppb-addon-1548949765920'  data-addon-id='1548949765920'><div class='wppb-addon'><div class=\"wppb-feature-box-addon\"><div class=\"wppb-feature-box-content\"><div class=\"wppb-feature-box-intro\">Com resposta automatizada, o paciente poder\u00e1 confirmar pelo pr\u00f3prio celular a sua presen\u00e7a e voc\u00ea ir\u00e1 visualizar a resposta na agenda eletr\u00f4nica.<\/div><\/div><\/div><\/div><\/div>                                            <\/div>\n                                        <\/div>\n                                    <\/div>\n\t\t\t\t\t\t\t\t\t                                    <div  class=\"wppb-column-parent wppb-column-parent-view wppb-col-1548949765921  \"  >\n                                        <div class=\"wppb-column\">\n\t\t\t\t\t\n\t\t\t\t\t\t\t\t\t\t\t\n                                            <div class=\"wppb-builder-addons\">\n\t\t\t\t\t\t\t\t\t\t\t\t<div class='wppb-builder-addon wppb-addon-1548949765922'  data-addon-id='1548949765922'><div class='wppb-addon'><div class=\"wppb-feature-box-addon\"><div class=\"wppb-feature-box-content\"><h2 class=\"wppb-feature-box-title\">Recursos<\/h2><div class=\"wppb-feature-box-intro\">Configura\u00e7\u00e3o de varias tipos de textos (Aniversariantes, campanhas promocionais e muito mais; Extrato detalhado dos cr\u00e9ditos e dos envios dos sms(s); Envio autom\u00e1tico das mensagens; Retorno da resposta do paciente;<\/div><\/div><\/div><\/div><\/div>                                            <\/div>\n                                        <\/div>\n                                    <\/div>\n\t\t\t\t\t\t\t\t\t                        <\/div>\n\n                    <\/div>\n                <\/div>\n\t\t\t\t<\/div>","protected":false},"excerpt":{"rendered":"<p>SMS Entrar em Contato No Onix Sms voc\u00ea pode enviar mensagens 24 horas por dia e 7 dias por semana. Sua empresa n\u00e3o precisa designar um funcion\u00e1rio s\u00f3 para ligar para os pacientes, ressaltando que um funcion\u00e1rio n\u00e3o poderia ligar nos domingos e feriados. No Onix Sms voc\u00ea pode configurar para enviar mensagens 7 dias [&hellip;]<\/p>\n","protected":false},"author":1,"featured_media":0,"parent":0,"menu_order":0,"comment_status":"closed","ping_status":"closed","template":"page-templates\/template-pagebuilder-full-width.php","meta":{"footnotes":""},"class_list":["post-219","page","type-page","status-publish","hentry","entry"],"_links":{"self":[{"href":"https:\/\/microprocess.com.br\/mp\/wp-json\/wp\/v2\/pages\/219","targetHints":{"allow":["GET"]}}],"collection":[{"href":"https:\/\/microprocess.com.br\/mp\/wp-json\/wp\/v2\/pages"}],"about":[{"href":"https:\/\/microprocess.com.br\/mp\/wp-json\/wp\/v2\/types\/page"}],"author":[{"embeddable":true,"href":"https:\/\/microprocess.com.br\/mp\/wp-json\/wp\/v2\/users\/1"}],"replies":[{"embeddable":true,"href":"https:\/\/microprocess.com.br\/mp\/wp-json\/wp\/v2\/comments?post=219"}],"version-history":[{"count":1,"href":"https:\/\/microprocess.com.br\/mp\/wp-json\/wp\/v2\/pages\/219\/revisions"}],"predecessor-version":[{"id":220,"href":"https:\/\/microprocess.com.br\/mp\/wp-json\/wp\/v2\/pages\/219\/revisions\/220"}],"wp:attachment":[{"href":"https:\/\/microprocess.com.br\/mp\/wp-json\/wp\/v2\/media?parent=219"}],"curies":[{"name":"wp","href":"https:\/\/api.w.org\/{rel}","templated":true}]}}