{"id":930,"date":"2023-11-17T12:17:13","date_gmt":"2023-11-17T12:17:13","guid":{"rendered":"https:\/\/microprocess.com.br\/mp\/?page_id=930"},"modified":"2025-05-16T00:38:50","modified_gmt":"2025-05-16T00:38:50","slug":"universidade","status":"publish","type":"page","link":"https:\/\/microprocess.com.br\/mp\/universidade","title":{"rendered":"Universidade Microprocess"},"content":{"rendered":"\t\t<div data-elementor-type=\"wp-post\" data-elementor-id=\"930\" class=\"elementor elementor-930\">\n\t\t\t\t\t\t<section class=\"elementor-section elementor-top-section elementor-element elementor-element-781caeb elementor-section-boxed elementor-section-height-default elementor-section-height-default\" data-id=\"781caeb\" data-element_type=\"section\" data-e-type=\"section\">\n\t\t\t\t\t\t<div class=\"elementor-container elementor-column-gap-default\">\n\t\t\t\t\t<div class=\"elementor-column elementor-col-100 elementor-top-column elementor-element elementor-element-caf5b2e\" data-id=\"caf5b2e\" data-element_type=\"column\" data-e-type=\"column\">\n\t\t\t<div class=\"elementor-widget-wrap elementor-element-populated\">\n\t\t\t\t\t\t<div class=\"elementor-element elementor-element-a3e2162 elementor-widget elementor-widget-heading\" data-id=\"a3e2162\" data-element_type=\"widget\" data-e-type=\"widget\" data-widget_type=\"heading.default\">\n\t\t\t\t<div class=\"elementor-widget-container\">\n\t\t\t\t\t<h2 class=\"elementor-heading-title elementor-size-default\">Universidade Microprocess<\/h2>\t\t\t\t<\/div>\n\t\t\t\t<\/div>\n\t\t\t\t<div class=\"elementor-element elementor-element-2658469 elementor-widget elementor-widget-heading\" data-id=\"2658469\" data-element_type=\"widget\" data-e-type=\"widget\" data-widget_type=\"heading.default\">\n\t\t\t\t<div class=\"elementor-widget-container\">\n\t\t\t\t\t<h2 class=\"elementor-heading-title elementor-size-default\">Sistema de Gest\u00e3o em Sa\u00fade - ONIX<\/h2>\t\t\t\t<\/div>\n\t\t\t\t<\/div>\n\t\t\t\t\t<\/div>\n\t\t<\/div>\n\t\t\t\t\t<\/div>\n\t\t<\/section>\n\t\t\t\t<section class=\"elementor-section elementor-top-section elementor-element elementor-element-a5a3197 elementor-section-full_width elementor-section-height-default elementor-section-height-default\" data-id=\"a5a3197\" data-element_type=\"section\" data-e-type=\"section\">\n\t\t\t\t\t\t<div class=\"elementor-container elementor-column-gap-default\">\n\t\t\t\t\t<div class=\"elementor-column elementor-col-25 elementor-top-column elementor-element elementor-element-3d25034\" data-id=\"3d25034\" data-element_type=\"column\" data-e-type=\"column\">\n\t\t\t<div class=\"elementor-widget-wrap\">\n\t\t\t\t\t\t\t<\/div>\n\t\t<\/div>\n\t\t\t\t<div class=\"elementor-column elementor-col-25 elementor-top-column elementor-element elementor-element-c2072cb\" data-id=\"c2072cb\" data-element_type=\"column\" data-e-type=\"column\">\n\t\t\t<div class=\"elementor-widget-wrap elementor-element-populated\">\n\t\t\t\t\t\t<div class=\"elementor-element elementor-element-173d8bd elementor-widget elementor-widget-image\" data-id=\"173d8bd\" data-element_type=\"widget\" data-e-type=\"widget\" data-widget_type=\"image.default\">\n\t\t\t\t<div class=\"elementor-widget-container\">\n\t\t\t\t\t\t\t\t\t\t\t\t\t\t\t<img decoding=\"async\" src=\"https:\/\/microprocess.com.br\/mp\/wp-content\/uploads\/elementor\/thumbs\/unnamed-qm30xjgot14vd70n9l83tqqy6j12ecuqwmfdikb39a.png\" title=\"unnamed\" alt=\"unnamed\" loading=\"lazy\" \/>\t\t\t\t\t\t\t\t\t\t\t\t\t\t\t<\/div>\n\t\t\t\t<\/div>\n\t\t\t\t\t<\/div>\n\t\t<\/div>\n\t\t\t\t<div class=\"elementor-column elementor-col-25 elementor-top-column elementor-element elementor-element-8300a2a\" data-id=\"8300a2a\" data-element_type=\"column\" data-e-type=\"column\">\n\t\t\t<div class=\"elementor-widget-wrap elementor-element-populated\">\n\t\t\t\t\t\t<div class=\"elementor-element elementor-element-d732422 elementor-align-center elementor-widget elementor-widget-button\" data-id=\"d732422\" data-element_type=\"widget\" data-e-type=\"widget\" data-widget_type=\"button.default\">\n\t\t\t\t<div class=\"elementor-widget-container\">\n\t\t\t\t\t\t\t\t\t<div class=\"elementor-button-wrapper\">\n\t\t\t\t\t<a class=\"elementor-button elementor-size-xl\" role=\"button\">\n\t\t\t\t\t\t<span class=\"elementor-button-content-wrapper\">\n\t\t\t\t\t\t<span class=\"elementor-button-icon\">\n\t\t\t\t\t\t\t\t\t<i class=\"fa fa-arrow-circle-down\" aria-hidden=\"true\"><\/i>\n\t\t\t\t\t\t\t<\/span>\n\t\t\t\t\t\t\t\t\t<span class=\"elementor-button-text\">Acessar Portal<\/span>\n\t\t\t\t\t<\/span>\n\t\t\t\t\t<\/a>\n\t\t\t\t<\/div>\n\t\t\t\t\t\t\t\t<\/div>\n\t\t\t\t<\/div>\n\t\t\t\t<div class=\"elementor-element elementor-element-e806e6b elementor-widget elementor-widget-text-editor\" data-id=\"e806e6b\" data-element_type=\"widget\" data-e-type=\"widget\" data-widget_type=\"text-editor.default\">\n\t\t\t\t<div class=\"elementor-widget-container\">\n\t\t\t\t\t\t\t\t\t<p><span style=\"color: #0f0f0f; font-family: S\u00f6hne, ui-sans-serif, system-ui, -apple-system, 'Segoe UI', Roboto, Ubuntu, Cantarell, 'Noto Sans', sans-serif, 'Helvetica Neue', Arial, 'Apple Color Emoji', 'Segoe UI Emoji', 'Segoe UI Symbol', 'Noto Color Emoji'; font-size: 16px; font-style: normal; font-variant-ligatures: normal; font-variant-caps: normal; font-weight: 400; text-align: left; white-space-collapse: preserve;\">Bem-vindo \u00e0 Universidade Microprocess de Gest\u00e3o em Sa\u00fade, onde a excel\u00eancia encontra a flexibilidade do ensino a dist\u00e2ncia. A Universadade Microprocess <\/span><span style=\"color: #0f0f0f; font-family: S\u00f6hne, ui-sans-serif, system-ui, -apple-system, Segoe UI, Roboto, Ubuntu, Cantarell, Noto Sans, sans-serif, Helvetica Neue, Arial, Apple Color Emoji, Segoe UI Emoji, Segoe UI Symbol, Noto Color Emoji;\"><span style=\"font-size: 16px; white-space-collapse: preserve;\">\u00e9 um de nossos compromissos em fornecer o melhor servi\u00e7o poss\u00edvel aos nossos clientes. Estamos ansiosos para receb\u00ea-lo em nosso ambiente. A<\/span><\/span><span style=\"color: #0f0f0f; font-family: S\u00f6hne, ui-sans-serif, system-ui, -apple-system, 'Segoe UI', Roboto, Ubuntu, Cantarell, 'Noto Sans', sans-serif, 'Helvetica Neue', Arial, 'Apple Color Emoji', 'Segoe UI Emoji', 'Segoe UI Symbol', 'Noto Color Emoji'; font-size: 16px; font-style: normal; font-variant-ligatures: normal; font-variant-caps: normal; font-weight: 400; text-align: start; white-space-collapse: preserve;\"> nossa metodologia de ensino por videoaulas oferece uma abordagem moderna para potencializar o aprendizado. A acessibilidade \u00e9 uma prioridade, permitindo que os profissionais assistam \u00e0s aulas em seu pr\u00f3prio ritmo. <\/span><\/p><div style=\"text-align: left;\"><span style=\"font-size: 14px;\">\u00a0<\/span><\/div>\t\t\t\t\t\t\t\t<\/div>\n\t\t\t\t<\/div>\n\t\t\t\t\t<\/div>\n\t\t<\/div>\n\t\t\t\t<div class=\"elementor-column elementor-col-25 elementor-top-column elementor-element elementor-element-fd9fb71\" data-id=\"fd9fb71\" data-element_type=\"column\" data-e-type=\"column\">\n\t\t\t<div class=\"elementor-widget-wrap\">\n\t\t\t\t\t\t\t<\/div>\n\t\t<\/div>\n\t\t\t\t\t<\/div>\n\t\t<\/section>\n\t\t\t\t<\/div>\n\t\t","protected":false},"excerpt":{"rendered":"<p>Universidade Microprocess Sistema de Gest\u00e3o em Sa\u00fade &#8211; ONIX Acessar Portal Bem-vindo \u00e0 Universidade Microprocess de Gest\u00e3o em Sa\u00fade, onde a excel\u00eancia encontra a flexibilidade do ensino a dist\u00e2ncia. A Universadade Microprocess \u00e9 um de nossos compromissos em fornecer o melhor servi\u00e7o poss\u00edvel aos nossos clientes. Estamos ansiosos para receb\u00ea-lo em nosso ambiente. A nossa [&hellip;]<\/p>\n","protected":false},"author":1,"featured_media":0,"parent":0,"menu_order":0,"comment_status":"closed","ping_status":"closed","template":"","meta":{"footnotes":""},"class_list":["post-930","page","type-page","status-publish","hentry","entry"],"_links":{"self":[{"href":"https:\/\/microprocess.com.br\/mp\/wp-json\/wp\/v2\/pages\/930","targetHints":{"allow":["GET"]}}],"collection":[{"href":"https:\/\/microprocess.com.br\/mp\/wp-json\/wp\/v2\/pages"}],"about":[{"href":"https:\/\/microprocess.com.br\/mp\/wp-json\/wp\/v2\/types\/page"}],"author":[{"embeddable":true,"href":"https:\/\/microprocess.com.br\/mp\/wp-json\/wp\/v2\/users\/1"}],"replies":[{"embeddable":true,"href":"https:\/\/microprocess.com.br\/mp\/wp-json\/wp\/v2\/comments?post=930"}],"version-history":[{"count":16,"href":"https:\/\/microprocess.com.br\/mp\/wp-json\/wp\/v2\/pages\/930\/revisions"}],"predecessor-version":[{"id":1053,"href":"https:\/\/microprocess.com.br\/mp\/wp-json\/wp\/v2\/pages\/930\/revisions\/1053"}],"wp:attachment":[{"href":"https:\/\/microprocess.com.br\/mp\/wp-json\/wp\/v2\/media?parent=930"}],"curies":[{"name":"wp","href":"https:\/\/api.w.org\/{rel}","templated":true}]}}